{"id":15689,"date":"2024-06-25T07:54:05","date_gmt":"2024-06-25T07:54:05","guid":{"rendered":"http:\/\/test.tirwash.lt\/?page_id=15689"},"modified":"2024-06-25T10:10:23","modified_gmt":"2024-06-25T10:10:23","slug":"g-connect","status":"publish","type":"page","link":"https:\/\/test.tirwash.lt\/en\/g-connect\/","title":{"rendered":"G-Connect"},"content":{"rendered":"<div data-elementor-type=\"wp-page\" data-elementor-id=\"15689\" class=\"elementor elementor-15689\" data-elementor-post-type=\"page\">\n\t\t\t\t<div class=\"elementor-element elementor-element-7dc3a10 e-flex e-con-boxed wd-section-disabled e-con e-parent\" data-id=\"7dc3a10\" data-element_type=\"container\">\n\t\t\t\t\t<div class=\"e-con-inner\">\n\t\t\t\t<div class=\"elementor-element elementor-element-61ce774 elementor-widget elementor-widget-wd_text_block\" data-id=\"61ce774\" data-element_type=\"widget\" data-widget_type=\"wd_text_block.default\">\n\t\t\t\t<div class=\"elementor-widget-container\">\n\t\t\t\t\t<div class=\"wd-text-block reset-last-child text-left color-primary\">\n\t\t\t\n\t\t\t<p>Technical specifications<\/p>\n\t\t\t\t\t<\/div>\n\t\t\t\t<\/div>\n\t\t\t\t<\/div>\n\t\t\t\t\t<\/div>\n\t\t\t\t<\/div>\n\t\t<div class=\"elementor-element elementor-element-80efebd e-flex e-con-boxed wd-section-disabled e-con e-parent\" data-id=\"80efebd\" data-element_type=\"container\">\n\t\t\t\t\t<div class=\"e-con-inner\">\n\t\t<div class=\"elementor-element elementor-element-7ef35d0 e-con-full e-flex wd-section-disabled e-con e-child\" data-id=\"7ef35d0\" data-element_type=\"container\">\n\t\t\t\t<div class=\"elementor-element elementor-element-3fccc93 elementor-widget__width-inherit elementor-widget elementor-widget-wd_table\" data-id=\"3fccc93\" data-element_type=\"widget\" data-widget_type=\"wd_table.default\">\n\t\t\t\t<div class=\"elementor-widget-container\">\n\t\t\t\t\t<div class=\"wd-el-table-wrap wd-reset-all-last\">\n\t\t\t<table class=\"wd-el-table\">\n\t\t\t\t\n\t\t\t\t<tbody class=\"text-left\">\n\t\t\t\t\t\t\t\t\t\t\t\t\t\t\t\t\t\t\t\t\t\t\t\t\t\t<tr class=\"wd-table-row elementor-repeater-item-9548157\">\n\t\t\t\t\t\t\t\t\t\t\t\t\t\t\t\t\t\t\t\t\t\t\t\t\t\t\t\t\t\t\t<td class=\"wd-table-cell elementor-repeater-item-ea0552a\" colspan=\"1\" rowspan=\"1\">\n\t\t\t\t\t\t\t<p>MAX OUTPUT<\/p>\t\t\t\t\t\t\t<\/td>\n\t\t\t\t\t\t\t\t\t\t\t\t\t\t\t\t\t\t\t\t\t\t\t\t<td class=\"wd-table-cell elementor-repeater-item-1e99b6c\" colspan=\"1\" rowspan=\"1\">\n\t\t\t\t\t\t\t<p>15 kg\/min @ 110 bar<br \/>9 kg\/min @ 160 bar<br \/>7 kg\/min @ 240 bar<\/p>\t\t\t\t\t\t\t<\/td>\n\t\t\t\t\t\t\t\t\t\t\t\t\t\t\t\t\t\t\t\t\t\t\t\t\t\t\t\t\t\t\t\t<\/tr>\n\t\t\t\t\t\t\t\t<tr class=\"wd-table-row elementor-repeater-item-1d3fac7\">\n\t\t\t\t\t\t\t\t\t\t\t\t\t\t\t\t\t\t\t\t\t\t\t\t\t\t\t\t\t\t\t<td class=\"wd-table-cell elementor-repeater-item-d9f2349\" colspan=\"1\" rowspan=\"1\">\n\t\t\t\t\t\t\t<p>ELLECTRICAL CONNECTION<\/p>\t\t\t\t\t\t\t<\/td>\n\t\t\t\t\t\t\t\t\t\t\t\t\t\t\t\t\t\t\t\t\t\t\t\t<td class=\"wd-table-cell elementor-repeater-item-f6c0f66\" colspan=\"1\" rowspan=\"1\">\n\t\t\t\t\t\t\t<p>3PE 400V 50\/60 Hz<br \/>3PE 230V 60 Hz<\/p>\t\t\t\t\t\t\t<\/td>\n\t\t\t\t\t\t\t\t\t\t\t\t\t\t\t\t\t\t\t\t\t\t\t\t\t\t\t\t\t\t\t\t<\/tr>\n\t\t\t\t\t\t\t\t<tr class=\"wd-table-row elementor-repeater-item-4ba5d80\">\n\t\t\t\t\t\t\t\t\t\t\t\t\t\t\t\t\t\t\t\t\t\t\t\t\t\t\t\t\t\t\t<td class=\"wd-table-cell elementor-repeater-item-8acd850\" colspan=\"1\" rowspan=\"1\">\n\t\t\t\t\t\t\t<p>\u0160ILDYMO GALIA<\/p>\t\t\t\t\t\t\t<\/td>\n\t\t\t\t\t\t\t\t\t\t\t\t\t\t\t\t\t\t\t\t\t\t\t\t<td class=\"wd-table-cell elementor-repeater-item-12689ad\" colspan=\"1\" rowspan=\"1\">\n\t\t\t\t\t\t\t<p>12 kW<\/p>\t\t\t\t\t\t\t<\/td>\n\t\t\t\t\t\t\t\t\t\t\t\t\t\t\t\t\t\t\t\t\t\t\t\t\t\t\t\t\t\t\t\t<\/tr>\n\t\t\t\t\t\t\t\t<tr class=\"wd-table-row elementor-repeater-item-86fcca7\">\n\t\t\t\t\t\t\t\t\t\t\t\t\t\t\t\t\t\t\t\t\t\t\t\t\t\t\t\t\t\t\t<td class=\"wd-table-cell elementor-repeater-item-f8fdc5a\" colspan=\"1\" rowspan=\"1\">\n\t\t\t\t\t\t\t<p>\u0160ILDYMAS \u017dARNA<\/p>\t\t\t\t\t\t\t<\/td>\n\t\t\t\t\t\t\t\t\t\t\t\t\t\t\t\t\t\t\t\t\t\t\t\t<td class=\"wd-table-cell elementor-repeater-item-bb6e278\" colspan=\"1\" rowspan=\"1\">\n\t\t\t\t\t\t\t<p>4 kW<\/p>\t\t\t\t\t\t\t<\/td>\n\t\t\t\t\t\t\t\t\t\t\t\t\t\t\t\t\t\t\t\t\t\t\t\t\t\t\t\t\t\t\t\t<\/tr>\n\t\t\t\t\t\t\t\t<tr class=\"wd-table-row elementor-repeater-item-22724cc\">\n\t\t\t\t\t\t\t\t\t\t\t\t\t\t\t\t\t\t\t\t\t\t\t\t\t\t\t\t\t\t\t<td class=\"wd-table-cell elementor-repeater-item-74c945d\" colspan=\"1\" rowspan=\"1\">\n\t\t\t\t\t\t\t<p>VARIKLIO GALIA<\/p>\t\t\t\t\t\t\t<\/td>\n\t\t\t\t\t\t\t\t\t\t\t\t\t\t\t\t\t\t\t\t\t\t\t\t<td class=\"wd-table-cell elementor-repeater-item-b0ed31c\" colspan=\"1\" rowspan=\"1\">\n\t\t\t\t\t\t\t<p>4 kW<\/p>\t\t\t\t\t\t\t<\/td>\n\t\t\t\t\t\t\t\t\t\t\t\t\t\t\t\t\t\t\t\t\t\t\t\t\t\t\t\t\t\t\t\t<\/tr>\n\t\t\t\t\t\t\t\t<tr class=\"wd-table-row elementor-repeater-item-2a8dcbd\">\n\t\t\t\t\t\t\t\t\t\t\t\t\t\t\t\t\t\t\t\t\t\t\t\t\t\t\t\t\t\t\t<td class=\"wd-table-cell elementor-repeater-item-e2d88af\" colspan=\"1\" rowspan=\"1\">\n\t\t\t\t\t\t\t<p>SUVARTOJIMAS<\/p>\t\t\t\t\t\t\t<\/td>\n\t\t\t\t\t\t\t\t\t\t\t\t\t\t\t\t\t\t\t\t\t\t\t\t<td class=\"wd-table-cell elementor-repeater-item-2fa71bc\" colspan=\"1\" rowspan=\"1\">\n\t\t\t\t\t\t\t<p>38,4 A \/ 66,8 A<\/p>\t\t\t\t\t\t\t<\/td>\n\t\t\t\t\t\t\t\t\t\t\t\t\t\t\t\t\t\t\t\t\t\t\t\t\t\t\t\t\t\t\t\t<\/tr>\n\t\t\t\t\t\t\t\t<tr class=\"wd-table-row elementor-repeater-item-643dac1\">\n\t\t\t\t\t\t\t\t\t\t\t\t\t\t\t\t\t\t\t\t\t\t\t\t\t\t\t\t\t\t\t<td class=\"wd-table-cell elementor-repeater-item-2dc9930\" colspan=\"1\" rowspan=\"1\">\n\t\t\t\t\t\t\t<p>DID\u017dIAUSIAS \u017dARN\u0172 ILGIS<\/p>\t\t\t\t\t\t\t<\/td>\n\t\t\t\t\t\t\t\t\t\t\t\t\t\t\t\t\t\t\t\t\t\t\t\t<td class=\"wd-table-cell elementor-repeater-item-f345657\" colspan=\"1\" rowspan=\"1\">\n\t\t\t\t\t\t\t<p>93 m<\/p>\t\t\t\t\t\t\t<\/td>\n\t\t\t\t\t\t\t\t\t\t\t\t\t\t\t\t\t\t\t\t\t\t\t\t\t\t\t\t\t\t\t\t<\/tr>\n\t\t\t\t\t\t\t\t<tr class=\"wd-table-row elementor-repeater-item-4c73212\">\n\t\t\t\t\t\t\t\t\t\t\t\t\t\t\t\t\t\t\t\t\t\t\t\t\t\t\t\t\t\t\t<td class=\"wd-table-cell elementor-repeater-item-0b9dcf6\" colspan=\"1\" rowspan=\"1\">\n\t\t\t\t\t\t\t<p>SVORIS<\/p>\t\t\t\t\t\t\t<\/td>\n\t\t\t\t\t\t\t\t\t\t\t\t\t\t\t\t\t\t\t\t\t\t\t\t<td class=\"wd-table-cell elementor-repeater-item-0500b68\" colspan=\"1\" rowspan=\"1\">\n\t\t\t\t\t\t\t<p>242 kg (be alyvos)<\/p>\t\t\t\t\t\t\t<\/td>\n\t\t\t\t\t\t\t\t\t\t\t\t\t\t\t\t\t\t\t\t\t\t\t\t\t\t\t\t\t\t\t\t<\/tr>\n\t\t\t\t\t\t\t\t<tr class=\"wd-table-row elementor-repeater-item-7c944b8\">\n\t\t\t\t\t\t\t\t\t\t\t\t\t\t\t\t\t\t\t\t\t\t\t\t\t\t\t\t\t\t\t<td class=\"wd-table-cell elementor-repeater-item-6944acd\" colspan=\"1\" rowspan=\"1\">\n\t\t\t\t\t\t\t<p>ALYVOS TALPA<\/p>\t\t\t\t\t\t\t<\/td>\n\t\t\t\t\t\t\t\t\t\t\t\t\t\t\t\t\t\t\t\t\t\t\t\t<td class=\"wd-table-cell elementor-repeater-item-0cad043\" colspan=\"1\" rowspan=\"1\">\n\t\t\t\t\t\t\t<p>28 l<\/p>\t\t\t\t\t\t\t<\/td>\n\t\t\t\t\t\t\t\t\t\t\t\t\t\t\t\t\t\t\t\t\t\t\t\t\t\t\t\t\t\t\t\t<\/tr>\n\t\t\t\t\t\t\t\t<tr class=\"wd-table-row elementor-repeater-item-97f801e\">\n\t\t\t\t\t\t\t\t\t\t\t\t\t\t\t\t\t\t\t\t\t\t\t\t\t\t\t\t\t\t\t<td class=\"wd-table-cell elementor-repeater-item-aafa6c6\" colspan=\"1\" rowspan=\"1\">\n\t\t\t\t\t\t\t<p>I\u0160MATAVIMAI<\/p>\t\t\t\t\t\t\t<\/td>\n\t\t\t\t\t\t\t\t\t\t\t\t\t\t\t\t\t\t\t\t\t\t\t\t<td class=\"wd-table-cell elementor-repeater-item-1158ca5\" colspan=\"1\" rowspan=\"1\">\n\t\t\t\t\t\t\t<p>1295 mm x 745 mm x 650 mm<\/p>\t\t\t\t\t\t\t<\/td>\n\t\t\t\t\t\t\t\t\t\t\t\t\t\t\t\t<\/tr>\n\t\t\t\t<\/tbody>\n\t\t\t<\/table>\n\t\t<\/div>\n\t\t\t\t<\/div>\n\t\t\t\t<\/div>\n\t\t\t\t<\/div>\n\t\t<div class=\"elementor-element elementor-element-cf84106 e-con-full e-flex wd-section-disabled e-con e-child\" data-id=\"cf84106\" data-element_type=\"container\">\n\t\t\t\t<div class=\"elementor-element elementor-element-c1b49f1 elementor-widget elementor-widget-wd_image_or_svg\" data-id=\"c1b49f1\" data-element_type=\"widget\" data-widget_type=\"wd_image_or_svg.default\">\n\t\t\t\t<div class=\"elementor-widget-container\">\n\t\t\t\n\t\t<div class=\"wd-image text-center\">\n\t\t\t\t\t\t\t\t<img fetchpriority=\"high\" decoding=\"async\" width=\"428\" height=\"600\" src=\"https:\/\/test.tirwash.lt\/wp-content\/uploads\/2024\/06\/G-Connect-NOVAG-Frontal-428x600-1.png\" class=\"attachment-full size-full wp-image-15691\" alt=\"\" \/>\t\t\t\t\t<\/div>\n\n\t\t\t\t<\/div>\n\t\t\t\t<\/div>\n\t\t\t\t<\/div>\n\t\t\t\t\t<\/div>\n\t\t\t\t<\/div>\n\t\t<div class=\"elementor-element elementor-element-1c310cb e-flex e-con-boxed wd-section-disabled e-con e-parent\" data-id=\"1c310cb\" data-element_type=\"container\">\n\t\t\t\t\t<div class=\"e-con-inner\">\n\t\t\t\t<div class=\"elementor-element elementor-element-79de068 elementor-widget elementor-widget-wd_text_block\" data-id=\"79de068\" data-element_type=\"widget\" data-widget_type=\"wd_text_block.default\">\n\t\t\t\t<div class=\"elementor-widget-container\">\n\t\t\t\t\t<div class=\"wd-text-block reset-last-child text-left color-primary\">\n\t\t\t\n\t\t\t<p>Dokumentacija<\/p>\n\t\t\t\t\t<\/div>\n\t\t\t\t<\/div>\n\t\t\t\t<\/div>\n\t\t\t\t\t<\/div>\n\t\t\t\t<\/div>\n\t\t<div class=\"elementor-element elementor-element-9d1a9c6 e-flex e-con-boxed wd-section-disabled e-con e-parent\" data-id=\"9d1a9c6\" data-element_type=\"container\">\n\t\t\t\t\t<div class=\"e-con-inner\">\n\t\t\t\t<div class=\"elementor-element elementor-element-6d47ea3 elementor-widget__width-initial elementor-widget elementor-widget-wd_list\" data-id=\"6d47ea3\" data-element_type=\"widget\" data-widget_type=\"wd_list.default\">\n\t\t\t\t<div class=\"elementor-widget-container\">\n\t\t\t\t\t<ul class=\"wd-list color-scheme- wd-fontsize-s wd-list-type-icon wd-list-style-square wd-justify-left wd-list-shape-icon\">\n\t\t\t\t\t\t\t\t\t\t\t<li class=\"elementor-repeater-item-36def38\">\n\t\t\t\t\t\t\t\t\t\t\t<svg class=\"list-icon e-font-icon-svg e-fas-file-pdf\" viewbox=\"0 0 384 512\" xmlns=\"http:\/\/www.w3.org\/2000\/svg\"><path d=\"M181.9 256.1c-5-16-4.9-46.9-2-46.9 8.4 0 7.6 36.9 2 46.9zm-1.7 47.2c-7.7 20.2-17.3 43.3-28.4 62.7 18.3-7 39-17.2 62.9-21.9-12.7-9.6-24.9-23.4-34.5-40.8zM86.1 428.1c0 .8 13.2-5.4 34.9-40.2-6.7 6.3-29.1 24.5-34.9 40.2zM248 160h136v328c0 13.3-10.7 24-24 24H24c-13.3 0-24-10.7-24-24V24C0 10.7 10.7 0 24 0h200v136c0 13.2 10.8 24 24 24zm-8 171.8c-20-12.2-33.3-29-42.7-53.8 4.5-18.5 11.6-46.6 6.2-64.2-4.7-29.4-42.4-26.5-47.8-6.8-5 18.3-.4 44.1 8.1 77-11.6 27.6-28.7 64.6-40.8 85.8-.1 0-.1.1-.2.1-27.1 13.9-73.6 44.5-54.5 68 5.6 6.9 16 10 21.5 10 17.9 0 35.7-18 61.1-61.8 25.8-8.5 54.1-19.1 79-23.2 21.7 11.8 47.1 19.5 64 19.5 29.2 0 31.2-32 19.7-43.4-13.9-13.6-54.3-9.7-73.6-7.2zM377 105L279 7c-4.5-4.5-10.6-7-17-7h-6v128h128v-6.1c0-6.3-2.5-12.4-7-16.9zm-74.1 255.3c4.1-2.7-2.5-11.9-42.8-9 37.1 15.8 42.8 9 42.8 9z\"><\/path><\/svg>\t\t\t\t\t\n\t\t\t\t\t<span class=\"list-content\">\n\t\t\t\t\t\tNaudojimo vadovas\t\t\t\t\t<\/span>\n\n\t\t\t\t\t\n\t\t\t\t\t\t<a  href=\"http:\/\/test.tirwash.lt\/wp-content\/uploads\/2024\/06\/Issue-1.2-NR-00050-ENG-NOVAG-G-Connect-G-Connect_-Service-Manual.pdf\" class=\"wd-fill\" aria-label=\"List item link\"><\/a>\n\t\t\t\t\t\t\t\t\t<\/li>\n\t\t\t\t\t\t\t\t\t\t\t<li class=\"elementor-repeater-item-0d6fe8a\">\n\t\t\t\t\t\t\t\t\t\t\t<svg class=\"list-icon e-font-icon-svg e-fas-file-pdf\" viewbox=\"0 0 384 512\" xmlns=\"http:\/\/www.w3.org\/2000\/svg\"><path d=\"M181.9 256.1c-5-16-4.9-46.9-2-46.9 8.4 0 7.6 36.9 2 46.9zm-1.7 47.2c-7.7 20.2-17.3 43.3-28.4 62.7 18.3-7 39-17.2 62.9-21.9-12.7-9.6-24.9-23.4-34.5-40.8zM86.1 428.1c0 .8 13.2-5.4 34.9-40.2-6.7 6.3-29.1 24.5-34.9 40.2zM248 160h136v328c0 13.3-10.7 24-24 24H24c-13.3 0-24-10.7-24-24V24C0 10.7 10.7 0 24 0h200v136c0 13.2 10.8 24 24 24zm-8 171.8c-20-12.2-33.3-29-42.7-53.8 4.5-18.5 11.6-46.6 6.2-64.2-4.7-29.4-42.4-26.5-47.8-6.8-5 18.3-.4 44.1 8.1 77-11.6 27.6-28.7 64.6-40.8 85.8-.1 0-.1.1-.2.1-27.1 13.9-73.6 44.5-54.5 68 5.6 6.9 16 10 21.5 10 17.9 0 35.7-18 61.1-61.8 25.8-8.5 54.1-19.1 79-23.2 21.7 11.8 47.1 19.5 64 19.5 29.2 0 31.2-32 19.7-43.4-13.9-13.6-54.3-9.7-73.6-7.2zM377 105L279 7c-4.5-4.5-10.6-7-17-7h-6v128h128v-6.1c0-6.3-2.5-12.4-7-16.9zm-74.1 255.3c4.1-2.7-2.5-11.9-42.8-9 37.1 15.8 42.8 9 42.8 9z\"><\/path><\/svg>\t\t\t\t\t\n\t\t\t\t\t<span class=\"list-content\">\n\t\t\t\t\t\tDali\u0173 vadovas\t\t\t\t\t<\/span>\n\n\t\t\t\t\t\n\t\t\t\t\t\t<a  href=\"http:\/\/test.tirwash.lt\/wp-content\/uploads\/2024\/06\/Issue-1.6-NR-00049-ENG-NOVAG-G-Connect-G-Connect_-Parts-Manual.pdf\" class=\"wd-fill\" aria-label=\"List item link\"><\/a>\n\t\t\t\t\t\t\t\t\t<\/li>\n\t\t\t\t\t\t\t\t\t\t\t<li class=\"elementor-repeater-item-3595e41\">\n\t\t\t\t\t\t\t\t\t\t\t<svg class=\"list-icon e-font-icon-svg e-fas-file-pdf\" viewbox=\"0 0 384 512\" xmlns=\"http:\/\/www.w3.org\/2000\/svg\"><path d=\"M181.9 256.1c-5-16-4.9-46.9-2-46.9 8.4 0 7.6 36.9 2 46.9zm-1.7 47.2c-7.7 20.2-17.3 43.3-28.4 62.7 18.3-7 39-17.2 62.9-21.9-12.7-9.6-24.9-23.4-34.5-40.8zM86.1 428.1c0 .8 13.2-5.4 34.9-40.2-6.7 6.3-29.1 24.5-34.9 40.2zM248 160h136v328c0 13.3-10.7 24-24 24H24c-13.3 0-24-10.7-24-24V24C0 10.7 10.7 0 24 0h200v136c0 13.2 10.8 24 24 24zm-8 171.8c-20-12.2-33.3-29-42.7-53.8 4.5-18.5 11.6-46.6 6.2-64.2-4.7-29.4-42.4-26.5-47.8-6.8-5 18.3-.4 44.1 8.1 77-11.6 27.6-28.7 64.6-40.8 85.8-.1 0-.1.1-.2.1-27.1 13.9-73.6 44.5-54.5 68 5.6 6.9 16 10 21.5 10 17.9 0 35.7-18 61.1-61.8 25.8-8.5 54.1-19.1 79-23.2 21.7 11.8 47.1 19.5 64 19.5 29.2 0 31.2-32 19.7-43.4-13.9-13.6-54.3-9.7-73.6-7.2zM377 105L279 7c-4.5-4.5-10.6-7-17-7h-6v128h128v-6.1c0-6.3-2.5-12.4-7-16.9zm-74.1 255.3c4.1-2.7-2.5-11.9-42.8-9 37.1 15.8 42.8 9 42.8 9z\"><\/path><\/svg>\t\t\t\t\t\n\t\t\t\t\t<span class=\"list-content\">\n\t\t\t\t\t\tBro\u0161i\u016bra\t\t\t\t\t<\/span>\n\n\t\t\t\t\t\n\t\t\t\t\t\t<a  href=\"http:\/\/test.tirwash.lt\/wp-content\/uploads\/2024\/06\/G-CONNECT-NOVAG.pdf\" class=\"wd-fill\" aria-label=\"List item link\"><\/a>\n\t\t\t\t\t\t\t\t\t<\/li>\n\t\t\t\t\t<\/ul>\n\n\t\t\t\t<\/div>\n\t\t\t\t<\/div>\n\t\t\t\t\t<\/div>\n\t\t\t\t<\/div>\n\t\t<div class=\"elementor-element elementor-element-639f52f e-flex e-con-boxed wd-section-disabled e-con e-parent\" data-id=\"639f52f\" data-element_type=\"container\">\n\t\t\t\t\t<div class=\"e-con-inner\">\n\t\t\t\t<div class=\"elementor-element elementor-element-e71f458 elementor-widget elementor-widget-wd_banner_carousel\" data-id=\"e71f458\" data-element_type=\"widget\" data-widget_type=\"wd_banner_carousel.default\">\n\t\t\t\t<div class=\"elementor-widget-container\">\n\t\t\t\t\t<div class=\"wd-carousel-container banners-carousel-wrapper wd-carousel-spacing-0\" data-owl-carousel data-speed=\"\" data-slides_per_view_tablet='{\"size\":\"\"}' data-slides_per_view_mobile='{\"size\":\"\"}' data-wrap=\"no\" data-hide_pagination_control=\"no\" data-hide_prev_next_buttons=\"no\" data-desktop=\"1\" data-tablet=\"1\" data-tablet_landscape=\"1\" data-mobile=\"1\">\n\t\t\t<div class=\"owl-carousel wd-owl banners-carousel owl-items-lg-1 owl-items-md-1 owl-items-sm-1 owl-items-xs-1\">\n\t\t\t\t\t\t\t\t\t\t\t\t\t\t\t\t<div class=\"promo-banner-wrapper elementor-repeater-item-ac6d99d\">\n\t\t\t<div class=\"promo-banner banner-default banner-hover-none color-scheme- banner-btn-size-default banner-btn-style-default\" >\n\t\t\t\t<div class=\"main-wrapp-img\">\n\t\t\t\t\t<div class=\"banner-image wd-without-height\">\n\t\t\t\t\t\t\t\t\t\t\t\t\t<img decoding=\"async\" width=\"107\" height=\"150\" src=\"https:\/\/test.tirwash.lt\/wp-content\/uploads\/2024\/06\/G-Connect-NOVAG-Frontal-428x600-1.png\" class=\"attachment-thumbnail size-thumbnail wp-image-15691\" alt=\"\" \/>\t\t\t\t\t\t\t\t\t\t\t<\/div>\n\t\t\t\t<\/div>\n\n\t\t\t\t<div class=\"wrapper-content-banner wd-fill wd-items-top wd-justify-left\">\n\t\t\t\t\t<div class=\"content-banner  text-left\">\n\t\t\t\t\t\t\n\t\t\t\t\t\t\n\t\t\t\t\t\t\n\t\t\t\t\t\t\n\t\t\t\t\t\t\t\t\t\t\t<\/div>\n\t\t\t\t<\/div>\n\t\t\t<\/div>\n\t\t<\/div>\n\t\t\t\t\t\t\t\t\t\t\t\t\t\t\t\t\t\t<div class=\"promo-banner-wrapper elementor-repeater-item-85f1379\">\n\t\t\t<div class=\"promo-banner banner-default banner-hover-none color-scheme- banner-btn-size-default banner-btn-style-default\" >\n\t\t\t\t<div class=\"main-wrapp-img\">\n\t\t\t\t\t<div class=\"banner-image wd-without-height\">\n\t\t\t\t\t\t\t\t\t\t\t\t\t<img decoding=\"async\" width=\"107\" height=\"150\" src=\"https:\/\/test.tirwash.lt\/wp-content\/uploads\/2024\/06\/G-Connect-NOVAG-Frontal-428x600-1.png\" class=\"attachment-thumbnail size-thumbnail wp-image-15691\" alt=\"\" \/>\t\t\t\t\t\t\t\t\t\t\t<\/div>\n\t\t\t\t<\/div>\n\n\t\t\t\t<div class=\"wrapper-content-banner wd-fill wd-items-top wd-justify-left\">\n\t\t\t\t\t<div class=\"content-banner  text-left\">\n\t\t\t\t\t\t\n\t\t\t\t\t\t\n\t\t\t\t\t\t\n\t\t\t\t\t\t\n\t\t\t\t\t\t\t\t\t\t\t<\/div>\n\t\t\t\t<\/div>\n\t\t\t<\/div>\n\t\t<\/div>\n\t\t\t\t\t\t\t\t\t<\/div>\n\t\t<\/div>\n\t\t\t\t<\/div>\n\t\t\t\t<\/div>\n\t\t\t\t\t<\/div>\n\t\t\t\t<\/div>\n\t\t<div class=\"elementor-element elementor-element-f9c0256 e-flex e-con-boxed wd-section-disabled e-con e-parent\" data-id=\"f9c0256\" data-element_type=\"container\">\n\t\t\t\t\t<div class=\"e-con-inner\">\n\t\t\t\t<div class=\"elementor-element elementor-element-a216fe3 elementor-widget elementor-widget-wd_text_block\" data-id=\"a216fe3\" data-element_type=\"widget\" data-widget_type=\"wd_text_block.default\">\n\t\t\t\t<div class=\"elementor-widget-container\">\n\t\t\t\t\t<div class=\"wd-text-block reset-last-child text-left color-title color-scheme-dark\">\n\t\t\t\n\t\t\t<p>The G-Connect is the most powerful digital unit in the market. It has total connectivity plus the power and reliability of hydraulics in a single unit to analyse the foam and polyurea applications from any mobile device.<\/p>\n\t\t\t\t\t<\/div>\n\t\t\t\t<\/div>\n\t\t\t\t<\/div>\n\t\t\t\t\t<\/div>\n\t\t\t\t<\/div>\n\t\t<div class=\"elementor-element elementor-element-e5d6738 e-flex e-con-boxed wd-section-disabled e-con e-parent\" data-id=\"e5d6738\" data-element_type=\"container\">\n\t\t\t\t\t<div class=\"e-con-inner\">\n\t\t\t\t<div class=\"elementor-element elementor-element-44e3604 elementor-widget elementor-widget-wd_text_block\" data-id=\"44e3604\" data-element_type=\"widget\" data-widget_type=\"wd_text_block.default\">\n\t\t\t\t<div class=\"elementor-widget-container\">\n\t\t\t\t\t<div class=\"wd-text-block reset-last-child text-left color-primary\">\n\t\t\t\n\t\t\t<p>Savyb\u0117s ir charakteristikos<\/p>\n\t\t\t\t\t<\/div>\n\t\t\t\t<\/div>\n\t\t\t\t<\/div>\n\t\t\t\t<div class=\"elementor-element elementor-element-20439d2 elementor-widget elementor-widget-wd_text_block\" data-id=\"20439d2\" data-element_type=\"widget\" data-widget_type=\"wd_text_block.default\">\n\t\t\t\t<div class=\"elementor-widget-container\">\n\t\t\t\t\t<div class=\"wd-text-block reset-last-child text-left color-title\">\n\t\t\t\n\t\t\t<p><span class=\"JsGRdQ\">\u2013\u00a0 Access all application data and generate your own reports from any device<\/span><\/p><p><span class=\"JsGRdQ\">\u2013\u00a0 GPS location<\/span><\/p><p><span class=\"JsGRdQ\">\u2013\u00a0 Smart touch screen easy to use<\/span><\/p><p><span class=\"JsGRdQ\">\u2013\u00a0 Remote control with your mobile device<\/span><\/p><p><span class=\"JsGRdQ\">\u2013\u00a0 Full control options:<\/span><\/p><ul><li><span class=\"JsGRdQ\">Accurate ratio and output control with flowmeters<\/span><\/li><li>In &amp; out temperatures and pressures control<\/li><li>Oil temperature<\/li><li>Alarms and troubleshooting guide<\/li><\/ul>\n\t\t\t\t\t<\/div>\n\t\t\t\t<\/div>\n\t\t\t\t<\/div>\n\t\t\t\t\t<\/div>\n\t\t\t\t<\/div>\n\t\t\t\t<\/div>","protected":false},"excerpt":{"rendered":"<p>Technin\u0117s savyb\u0117s DID\u017dIAUSIA I\u0160VESTIS 15 kg\/min @ 110 bar9 kg\/min @ 160 bar7 kg\/min @ 240 bar ELEKTRINIS SUJUNGIMAS 3PE<\/p>","protected":false},"author":1,"featured_media":0,"parent":0,"menu_order":0,"comment_status":"closed","ping_status":"closed","template":"","meta":{"footnotes":""},"class_list":["post-15689","page","type-page","status-publish","hentry"],"_links":{"self":[{"href":"https:\/\/test.tirwash.lt\/en\/wp-json\/wp\/v2\/pages\/15689"}],"collection":[{"href":"https:\/\/test.tirwash.lt\/en\/wp-json\/wp\/v2\/pages"}],"about":[{"href":"https:\/\/test.tirwash.lt\/en\/wp-json\/wp\/v2\/types\/page"}],"author":[{"embeddable":true,"href":"https:\/\/test.tirwash.lt\/en\/wp-json\/wp\/v2\/users\/1"}],"replies":[{"embeddable":true,"href":"https:\/\/test.tirwash.lt\/en\/wp-json\/wp\/v2\/comments?post=15689"}],"version-history":[{"count":58,"href":"https:\/\/test.tirwash.lt\/en\/wp-json\/wp\/v2\/pages\/15689\/revisions"}],"predecessor-version":[{"id":15763,"href":"https:\/\/test.tirwash.lt\/en\/wp-json\/wp\/v2\/pages\/15689\/revisions\/15763"}],"wp:attachment":[{"href":"https:\/\/test.tirwash.lt\/en\/wp-json\/wp\/v2\/media?parent=15689"}],"curies":[{"name":"wp","href":"https:\/\/api.w.org\/{rel}","templated":true}]}}