{"id":15885,"date":"2024-06-26T06:19:37","date_gmt":"2024-06-26T06:19:37","guid":{"rendered":"http:\/\/test.tirwash.lt\/?page_id=15885"},"modified":"2024-06-26T06:41:05","modified_gmt":"2024-06-26T06:41:05","slug":"na-200","status":"publish","type":"page","link":"https:\/\/test.tirwash.lt\/en\/na-200\/","title":{"rendered":"NA-200"},"content":{"rendered":"<div data-elementor-type=\"wp-page\" data-elementor-id=\"15885\" class=\"elementor elementor-15885\" data-elementor-post-type=\"page\">\n\t\t\t\t<div class=\"elementor-element elementor-element-7dc3a10 e-flex e-con-boxed wd-section-disabled e-con e-parent\" data-id=\"7dc3a10\" data-element_type=\"container\">\n\t\t\t\t\t<div class=\"e-con-inner\">\n\t\t\t\t<div class=\"elementor-element elementor-element-61ce774 elementor-widget elementor-widget-wd_text_block\" data-id=\"61ce774\" data-element_type=\"widget\" data-widget_type=\"wd_text_block.default\">\n\t\t\t\t<div class=\"elementor-widget-container\">\n\t\t\t\t\t<div class=\"wd-text-block reset-last-child text-left color-primary\">\n\t\t\t\n\t\t\t<p>Technical specifications<\/p>\n\t\t\t\t\t<\/div>\n\t\t\t\t<\/div>\n\t\t\t\t<\/div>\n\t\t\t\t\t<\/div>\n\t\t\t\t<\/div>\n\t\t<div class=\"elementor-element elementor-element-80efebd e-flex e-con-boxed wd-section-disabled e-con e-parent\" data-id=\"80efebd\" data-element_type=\"container\">\n\t\t\t\t\t<div class=\"e-con-inner\">\n\t\t<div class=\"elementor-element elementor-element-7ef35d0 e-con-full e-flex wd-section-disabled e-con e-child\" data-id=\"7ef35d0\" data-element_type=\"container\">\n\t\t\t\t<div class=\"elementor-element elementor-element-3fccc93 elementor-widget__width-inherit elementor-widget elementor-widget-wd_table\" data-id=\"3fccc93\" data-element_type=\"widget\" data-widget_type=\"wd_table.default\">\n\t\t\t\t<div class=\"elementor-widget-container\">\n\t\t\t\t\t<div class=\"wd-el-table-wrap wd-reset-all-last\">\n\t\t\t<table class=\"wd-el-table\">\n\t\t\t\t\t\t\t\t\t<thead class=\"text-left\">\n\t\t\t\t\t\t\t\t\t\t\t\t\t\t\t\t\t\t\t\t\t<th class=\"wd-table-cell elementor-repeater-item-feb837d\" colspan=\"1\" rowspan=\"1\">\n\t\t\t\t\t\t\t\t\t\t\t\t\t\t\t\t\t<\/th>\n\t\t\t\t\t\t\t\t\t\t\t\t\t\t\t\t\t\t\t\t\t\t\t\t\t\t\t\t<th class=\"wd-table-cell elementor-repeater-item-53e6069\" colspan=\"1\" rowspan=\"1\">\n\t\t\t\t\t\t\t\t\t<p>Gasoline<br \/>NA-200G<\/p>\t\t\t\t\t\t\t\t<\/th>\n\t\t\t\t\t\t\t\t\t\t\t\t\t\t\t\t\t\t\t\t\t\t\t\t\t\t\t\t<th class=\"wd-table-cell elementor-repeater-item-e49c82e\" colspan=\"1\" rowspan=\"1\">\n\t\t\t\t\t\t\t\t\t<p>Electric<br \/>NA-200E<\/p>\t\t\t\t\t\t\t\t<\/th>\n\t\t\t\t\t\t\t\t\t\t\t\t\t\t\t\t\t\t\t<\/tr>\n\t\t\t\t\t<\/thead>\n\t\t\t\t\n\t\t\t\t<tbody class=\"text-left\">\n\t\t\t\t\t\t\t\t\t\t\t\t\t\t\t\t\t\t\t\t\t\t\t\t\t\t<tr class=\"wd-table-row elementor-repeater-item-8e98868\">\n\t\t\t\t\t\t\t\t\t\t\t\t\t\t\t\t\t\t\t\t\t\t\t\t\t\t\t\t\t\t\t<td class=\"wd-table-cell elementor-repeater-item-1714534\" colspan=\"1\" rowspan=\"1\">\n\t\t\t\t\t\t\t<p>MAX OUTPUT<\/p>\t\t\t\t\t\t\t<\/td>\n\t\t\t\t\t\t\t\t\t\t\t\t\t\t\t\t\t\t\t\t\t\t\t\t<td class=\"wd-table-cell elementor-repeater-item-1e99b6c\" colspan=\"1\" rowspan=\"1\">\n\t\t\t\t\t\t\t<p>6,4 l\/min<\/p>\t\t\t\t\t\t\t<\/td>\n\t\t\t\t\t\t\t\t\t\t\t\t\t\t\t\t\t\t\t\t\t\t\t\t<td class=\"wd-table-cell elementor-repeater-item-ca81f6b\" colspan=\"1\" rowspan=\"1\">\n\t\t\t\t\t\t\t<p>5,71 l\/min<\/p>\t\t\t\t\t\t\t<\/td>\n\t\t\t\t\t\t\t\t\t\t\t\t\t\t\t\t\t\t\t\t\t\t\t\t\t\t\t\t\t\t\t\t<\/tr>\n\t\t\t\t\t\t\t\t<tr class=\"wd-table-row elementor-repeater-item-18b4b8b\">\n\t\t\t\t\t\t\t\t\t\t\t\t\t\t\t\t\t\t\t\t\t\t\t\t\t\t\t\t\t\t\t<td class=\"wd-table-cell elementor-repeater-item-d9f2349\" colspan=\"1\" rowspan=\"1\">\n\t\t\t\t\t\t\t<p>MAKSIMALUS DARBINIS SL\u0116GIS<\/p>\t\t\t\t\t\t\t<\/td>\n\t\t\t\t\t\t\t\t\t\t\t\t\t\t\t\t\t\t\t\t\t\t\t\t<td class=\"wd-table-cell elementor-repeater-item-f6c0f66\" colspan=\"1\" rowspan=\"1\">\n\t\t\t\t\t\t\t<p>228 bar<\/p>\t\t\t\t\t\t\t<\/td>\n\t\t\t\t\t\t\t\t\t\t\t\t\t\t\t\t\t\t\t\t\t\t\t\t<td class=\"wd-table-cell elementor-repeater-item-4073b14\" colspan=\"1\" rowspan=\"1\">\n\t\t\t\t\t\t\t<p>228 bar<\/p>\t\t\t\t\t\t\t<\/td>\n\t\t\t\t\t\t\t\t\t\t\t\t\t\t\t\t\t\t\t\t\t\t\t\t\t\t\t\t\t\t\t\t<\/tr>\n\t\t\t\t\t\t\t\t<tr class=\"wd-table-row elementor-repeater-item-4ba5d80\">\n\t\t\t\t\t\t\t\t\t\t\t\t\t\t\t\t\t\t\t\t\t\t\t\t\t\t\t\t\t\t\t<td class=\"wd-table-cell elementor-repeater-item-8acd850\" colspan=\"1\" rowspan=\"1\">\n\t\t\t\t\t\t\t<p>MAX SIZE PCD<\/p>\t\t\t\t\t\t\t<\/td>\n\t\t\t\t\t\t\t\t\t\t\t\t\t\t\t\t\t\t\t\t\t\t\t\t<td class=\"wd-table-cell elementor-repeater-item-12689ad\" colspan=\"1\" rowspan=\"1\">\n\t\t\t\t\t\t\t<p>1 Gun - 0.043\"<br \/>2 Guns - 0.033\"<\/p>\t\t\t\t\t\t\t<\/td>\n\t\t\t\t\t\t\t\t\t\t\t\t\t\t\t\t\t\t\t\t\t\t\t\t<td class=\"wd-table-cell elementor-repeater-item-d7e094b\" colspan=\"1\" rowspan=\"1\">\n\t\t\t\t\t\t\t<p>1 Gun - 0.036\"<br \/>2 Guns - 0.026\"<\/p>\t\t\t\t\t\t\t<\/td>\n\t\t\t\t\t\t\t\t\t\t\t\t\t\t\t\t\t\t\t\t\t\t\t\t\t\t\t\t\t\t\t\t<\/tr>\n\t\t\t\t\t\t\t\t<tr class=\"wd-table-row elementor-repeater-item-86fcca7\">\n\t\t\t\t\t\t\t\t\t\t\t\t\t\t\t\t\t\t\t\t\t\t\t\t\t\t\t\t\t\t\t<td class=\"wd-table-cell elementor-repeater-item-f8fdc5a\" colspan=\"1\" rowspan=\"1\">\n\t\t\t\t\t\t\t<p>VARIKLIS<\/p>\t\t\t\t\t\t\t<\/td>\n\t\t\t\t\t\t\t\t\t\t\t\t\t\t\t\t\t\t\t\t\t\t\t\t<td class=\"wd-table-cell elementor-repeater-item-bb6e278\" colspan=\"1\" rowspan=\"1\">\n\t\t\t\t\t\t\t<p>4,4 kW (5,5 HP)<\/p>\t\t\t\t\t\t\t<\/td>\n\t\t\t\t\t\t\t\t\t\t\t\t\t\t\t\t\t\t\t\t\t\t\t\t<td class=\"wd-table-cell elementor-repeater-item-796a6bd\" colspan=\"1\" rowspan=\"1\">\n\t\t\t\t\t\t\t<p>3 kW (4 HP)<\/p>\t\t\t\t\t\t\t<\/td>\n\t\t\t\t\t\t\t\t\t\t\t\t\t\t\t\t\t\t\t\t\t\t\t\t\t\t\t\t\t\t\t\t<\/tr>\n\t\t\t\t\t\t\t\t<tr class=\"wd-table-row elementor-repeater-item-22724cc\">\n\t\t\t\t\t\t\t\t\t\t\t\t\t\t\t\t\t\t\t\t\t\t\t\t\t\t\t\t\t\t\t<td class=\"wd-table-cell elementor-repeater-item-74c945d\" colspan=\"1\" rowspan=\"1\">\n\t\t\t\t\t\t\t<p>SVORIS<\/p>\t\t\t\t\t\t\t<\/td>\n\t\t\t\t\t\t\t\t\t\t\t\t\t\t\t\t\t\t\t\t\t\t\t\t<td class=\"wd-table-cell elementor-repeater-item-b0ed31c\" colspan=\"1\" rowspan=\"1\">\n\t\t\t\t\t\t\t<p>72 Kg<\/p>\t\t\t\t\t\t\t<\/td>\n\t\t\t\t\t\t\t\t\t\t\t\t\t\t\t\t\t\t\t\t\t\t\t\t<td class=\"wd-table-cell elementor-repeater-item-6f8fb98\" colspan=\"1\" rowspan=\"1\">\n\t\t\t\t\t\t\t<p>66 Kg<\/p>\t\t\t\t\t\t\t<\/td>\n\t\t\t\t\t\t\t\t\t\t\t\t\t\t\t\t\t\t\t\t\t\t\t\t\t\t\t\t\t\t\t\t<\/tr>\n\t\t\t\t\t\t\t\t<tr class=\"wd-table-row elementor-repeater-item-75f16aa\">\n\t\t\t\t\t\t\t\t\t\t\t\t\t\t\t\t\t\t\t\t\t\t\t\t\t\t\t\t\t\t\t<td class=\"wd-table-cell elementor-repeater-item-aafa6c6\" colspan=\"1\" rowspan=\"1\">\n\t\t\t\t\t\t\t<p>I\u0160MATAVIMAI<\/p>\t\t\t\t\t\t\t<\/td>\n\t\t\t\t\t\t\t\t\t\t\t\t\t\t\t\t\t\t\t\t\t\t\t\t<td class=\"wd-table-cell elementor-repeater-item-1158ca5\" colspan=\"1\" rowspan=\"1\">\n\t\t\t\t\t\t\t<p>H:840 mm W:1200 mm L:1080 mm<\/p>\t\t\t\t\t\t\t<\/td>\n\t\t\t\t\t\t\t\t\t\t\t\t\t\t\t\t\t\t\t\t\t\t\t\t<td class=\"wd-table-cell elementor-repeater-item-ad89948\" colspan=\"1\" rowspan=\"1\">\n\t\t\t\t\t\t\t<p>H:840 mm W:1200 mm L:1080 mm<\/p>\t\t\t\t\t\t\t<\/td>\n\t\t\t\t\t\t\t\t\t\t\t\t\t\t\t\t<\/tr>\n\t\t\t\t<\/tbody>\n\t\t\t<\/table>\n\t\t<\/div>\n\t\t\t\t<\/div>\n\t\t\t\t<\/div>\n\t\t\t\t<\/div>\n\t\t<div class=\"elementor-element elementor-element-cf84106 e-con-full e-flex wd-section-disabled e-con e-child\" data-id=\"cf84106\" data-element_type=\"container\">\n\t\t\t\t<div class=\"elementor-element elementor-element-c1b49f1 elementor-widget elementor-widget-wd_image_or_svg\" data-id=\"c1b49f1\" data-element_type=\"widget\" data-widget_type=\"wd_image_or_svg.default\">\n\t\t\t\t<div class=\"elementor-widget-container\">\n\t\t\t\n\t\t<div class=\"wd-image text-center\">\n\t\t\t\t\t\t\t\t<img fetchpriority=\"high\" decoding=\"async\" width=\"708\" height=\"600\" src=\"https:\/\/test.tirwash.lt\/wp-content\/uploads\/2024\/06\/NA-200.jpg\" class=\"attachment-full size-full wp-image-15887\" alt=\"\" \/>\t\t\t\t\t<\/div>\n\n\t\t\t\t<\/div>\n\t\t\t\t<\/div>\n\t\t\t\t<\/div>\n\t\t\t\t\t<\/div>\n\t\t\t\t<\/div>\n\t\t<div class=\"elementor-element elementor-element-1c310cb e-flex e-con-boxed wd-section-disabled e-con e-parent\" data-id=\"1c310cb\" data-element_type=\"container\">\n\t\t\t\t\t<div class=\"e-con-inner\">\n\t\t\t\t<div class=\"elementor-element elementor-element-79de068 elementor-widget elementor-widget-wd_text_block\" data-id=\"79de068\" data-element_type=\"widget\" data-widget_type=\"wd_text_block.default\">\n\t\t\t\t<div class=\"elementor-widget-container\">\n\t\t\t\t\t<div class=\"wd-text-block reset-last-child text-left color-primary\">\n\t\t\t\n\t\t\t<p>Dokumentacija<\/p>\n\t\t\t\t\t<\/div>\n\t\t\t\t<\/div>\n\t\t\t\t<\/div>\n\t\t\t\t\t<\/div>\n\t\t\t\t<\/div>\n\t\t<div class=\"elementor-element elementor-element-9d1a9c6 e-flex e-con-boxed wd-section-disabled e-con e-parent\" data-id=\"9d1a9c6\" data-element_type=\"container\">\n\t\t\t\t\t<div class=\"e-con-inner\">\n\t\t\t\t<div class=\"elementor-element elementor-element-6d47ea3 elementor-widget__width-initial elementor-widget elementor-widget-wd_list\" data-id=\"6d47ea3\" data-element_type=\"widget\" data-widget_type=\"wd_list.default\">\n\t\t\t\t<div class=\"elementor-widget-container\">\n\t\t\t\t\t<ul class=\"wd-list color-scheme- wd-fontsize-s wd-list-type-icon wd-list-style-square wd-justify-left wd-list-shape-icon\">\n\t\t\t\t\t\t\t\t\t\t\t<li class=\"elementor-repeater-item-36def38\">\n\t\t\t\t\t\t\t\t\t\t\t<svg class=\"list-icon e-font-icon-svg e-fas-file-pdf\" viewbox=\"0 0 384 512\" xmlns=\"http:\/\/www.w3.org\/2000\/svg\"><path d=\"M181.9 256.1c-5-16-4.9-46.9-2-46.9 8.4 0 7.6 36.9 2 46.9zm-1.7 47.2c-7.7 20.2-17.3 43.3-28.4 62.7 18.3-7 39-17.2 62.9-21.9-12.7-9.6-24.9-23.4-34.5-40.8zM86.1 428.1c0 .8 13.2-5.4 34.9-40.2-6.7 6.3-29.1 24.5-34.9 40.2zM248 160h136v328c0 13.3-10.7 24-24 24H24c-13.3 0-24-10.7-24-24V24C0 10.7 10.7 0 24 0h200v136c0 13.2 10.8 24 24 24zm-8 171.8c-20-12.2-33.3-29-42.7-53.8 4.5-18.5 11.6-46.6 6.2-64.2-4.7-29.4-42.4-26.5-47.8-6.8-5 18.3-.4 44.1 8.1 77-11.6 27.6-28.7 64.6-40.8 85.8-.1 0-.1.1-.2.1-27.1 13.9-73.6 44.5-54.5 68 5.6 6.9 16 10 21.5 10 17.9 0 35.7-18 61.1-61.8 25.8-8.5 54.1-19.1 79-23.2 21.7 11.8 47.1 19.5 64 19.5 29.2 0 31.2-32 19.7-43.4-13.9-13.6-54.3-9.7-73.6-7.2zM377 105L279 7c-4.5-4.5-10.6-7-17-7h-6v128h128v-6.1c0-6.3-2.5-12.4-7-16.9zm-74.1 255.3c4.1-2.7-2.5-11.9-42.8-9 37.1 15.8 42.8 9 42.8 9z\"><\/path><\/svg>\t\t\t\t\t\n\t\t\t\t\t<span class=\"list-content\">\n\t\t\t\t\t\tNaudojimo ir dali\u0173 vadovas\t\t\t\t\t<\/span>\n\n\t\t\t\t\t\n\t\t\t\t\t\t<a  href=\"http:\/\/test.tirwash.lt\/wp-content\/uploads\/2024\/06\/Issue-1.5-NR-00040-ENG-NA-200-Hydraulic-Airless-Parts-Identification-Service-Manual.pdf\" class=\"wd-fill\" aria-label=\"List item link\"><\/a>\n\t\t\t\t\t\t\t\t\t<\/li>\n\t\t\t\t\t<\/ul>\n\n\t\t\t\t<\/div>\n\t\t\t\t<\/div>\n\t\t\t\t\t<\/div>\n\t\t\t\t<\/div>\n\t\t<div class=\"elementor-element elementor-element-639f52f e-flex e-con-boxed wd-section-disabled e-con e-parent\" data-id=\"639f52f\" data-element_type=\"container\">\n\t\t\t\t\t<div class=\"e-con-inner\">\n\t\t\t\t<div class=\"elementor-element elementor-element-e71f458 elementor-widget elementor-widget-wd_banner_carousel\" data-id=\"e71f458\" data-element_type=\"widget\" data-widget_type=\"wd_banner_carousel.default\">\n\t\t\t\t<div class=\"elementor-widget-container\">\n\t\t\t\t\t<div class=\"wd-carousel-container banners-carousel-wrapper wd-carousel-spacing-0\" data-owl-carousel data-speed=\"\" data-slides_per_view_tablet='{\"size\":\"\"}' data-slides_per_view_mobile='{\"size\":\"\"}' data-wrap=\"no\" data-hide_pagination_control=\"no\" data-hide_prev_next_buttons=\"no\" data-desktop=\"1\" data-tablet=\"1\" data-tablet_landscape=\"1\" data-mobile=\"1\">\n\t\t\t<div class=\"owl-carousel wd-owl banners-carousel owl-items-lg-1 owl-items-md-1 owl-items-sm-1 owl-items-xs-1\">\n\t\t\t\t\t\t\t\t\t\t\t\t\t\t\t\t<div class=\"promo-banner-wrapper elementor-repeater-item-ac6d99d\">\n\t\t\t<div class=\"promo-banner banner-default banner-hover-none color-scheme- banner-btn-size-default banner-btn-style-default\" >\n\t\t\t\t<div class=\"main-wrapp-img\">\n\t\t\t\t\t<div class=\"banner-image wd-without-height\">\n\t\t\t\t\t\t\t\t\t\t\t\t\t<img decoding=\"async\" width=\"150\" height=\"113\" src=\"https:\/\/test.tirwash.lt\/wp-content\/uploads\/2024\/06\/Lateral-2.jpg\" class=\"attachment-thumbnail size-thumbnail wp-image-15890\" alt=\"\" \/>\t\t\t\t\t\t\t\t\t\t\t<\/div>\n\t\t\t\t<\/div>\n\n\t\t\t\t<div class=\"wrapper-content-banner wd-fill wd-items-top wd-justify-left\">\n\t\t\t\t\t<div class=\"content-banner  text-left\">\n\t\t\t\t\t\t\n\t\t\t\t\t\t\n\t\t\t\t\t\t\n\t\t\t\t\t\t\n\t\t\t\t\t\t\t\t\t\t\t<\/div>\n\t\t\t\t<\/div>\n\t\t\t<\/div>\n\t\t<\/div>\n\t\t\t\t\t\t\t\t\t\t\t\t\t\t\t\t\t\t<div class=\"promo-banner-wrapper elementor-repeater-item-85f1379\">\n\t\t\t<div class=\"promo-banner banner-default banner-hover-none color-scheme- banner-btn-size-default banner-btn-style-default\" >\n\t\t\t\t<div class=\"main-wrapp-img\">\n\t\t\t\t\t<div class=\"banner-image wd-without-height\">\n\t\t\t\t\t\t\t\t\t\t\t\t\t<img decoding=\"async\" width=\"113\" height=\"150\" src=\"https:\/\/test.tirwash.lt\/wp-content\/uploads\/2024\/06\/Frontal.jpg\" class=\"attachment-thumbnail size-thumbnail wp-image-15889\" alt=\"\" \/>\t\t\t\t\t\t\t\t\t\t\t<\/div>\n\t\t\t\t<\/div>\n\n\t\t\t\t<div class=\"wrapper-content-banner wd-fill wd-items-top wd-justify-left\">\n\t\t\t\t\t<div class=\"content-banner  text-left\">\n\t\t\t\t\t\t\n\t\t\t\t\t\t\n\t\t\t\t\t\t\n\t\t\t\t\t\t\n\t\t\t\t\t\t\t\t\t\t\t<\/div>\n\t\t\t\t<\/div>\n\t\t\t<\/div>\n\t\t<\/div>\n\t\t\t\t\t\t\t\t\t<\/div>\n\t\t<\/div>\n\t\t\t\t<\/div>\n\t\t\t\t<\/div>\n\t\t\t\t\t<\/div>\n\t\t\t\t<\/div>\n\t\t<div class=\"elementor-element elementor-element-e5d6738 e-flex e-con-boxed wd-section-disabled e-con e-parent\" data-id=\"e5d6738\" data-element_type=\"container\">\n\t\t\t\t\t<div class=\"e-con-inner\">\n\t\t\t\t<div class=\"elementor-element elementor-element-44e3604 elementor-widget elementor-widget-wd_text_block\" data-id=\"44e3604\" data-element_type=\"widget\" data-widget_type=\"wd_text_block.default\">\n\t\t\t\t<div class=\"elementor-widget-container\">\n\t\t\t\t\t<div class=\"wd-text-block reset-last-child text-left color-primary\">\n\t\t\t\n\t\t\t<p>Savyb\u0117s ir charakteristikos<\/p>\n\t\t\t\t\t<\/div>\n\t\t\t\t<\/div>\n\t\t\t\t<\/div>\n\t\t\t\t<div class=\"elementor-element elementor-element-20439d2 elementor-widget elementor-widget-wd_text_block\" data-id=\"20439d2\" data-element_type=\"widget\" data-widget_type=\"wd_text_block.default\">\n\t\t\t\t<div class=\"elementor-widget-container\">\n\t\t\t\t\t<div class=\"wd-text-block reset-last-child text-left color-title\">\n\t\t\t\n\t\t\t<p>The new airless unit has been manufactured to fulfil the requirements of industrial painting when you need to spray professional textures in demanding applications. This hydraulic unit can be equipped with a petrol engine or electric motor to drive the piston pump. These can be easily interchanged according to our smart concept design. The application of the Airless technology allows high pressure spraying through atomization of air-free paint without mixing the components.<\/p>\n\t\t\t\t\t<\/div>\n\t\t\t\t<\/div>\n\t\t\t\t<\/div>\n\t\t\t\t\t<\/div>\n\t\t\t\t<\/div>\n\t\t<div class=\"elementor-element elementor-element-d30d575 e-flex e-con-boxed wd-section-disabled e-con e-parent\" data-id=\"d30d575\" data-element_type=\"container\">\n\t\t\t\t\t<div class=\"e-con-inner\">\n\t\t\t\t<div class=\"elementor-element elementor-element-a27081a elementor-widget elementor-widget-wd_text_block\" data-id=\"a27081a\" data-element_type=\"widget\" data-widget_type=\"wd_text_block.default\">\n\t\t\t\t<div class=\"elementor-widget-container\">\n\t\t\t\t\t<div class=\"wd-text-block reset-last-child text-left color-primary\">\n\t\t\t\n\t\t\t<p>Taikymo sritys<\/p>\n\t\t\t\t\t<\/div>\n\t\t\t\t<\/div>\n\t\t\t\t<\/div>\n\t\t\t\t<div class=\"elementor-element elementor-element-8dc9fff elementor-widget elementor-widget-wd_text_block\" data-id=\"8dc9fff\" data-element_type=\"widget\" data-widget_type=\"wd_text_block.default\">\n\t\t\t\t<div class=\"elementor-widget-container\">\n\t\t\t\t\t<div class=\"wd-text-block reset-last-child text-left color-title\">\n\t\t\t\n\t\t\t<p>\u00b7 Large construction areas<br \/>\u00b7 Bridges<br \/>\u00b7 Underground constructions<br \/>\u00b7 Cooling towers<br \/>\u00b7 Water treatment plants<br \/>\u00b7 Construction water-based paints<br \/>\u00b7 Large residential and commercial areas<\/p>\n\t\t\t\t\t<\/div>\n\t\t\t\t<\/div>\n\t\t\t\t<\/div>\n\t\t\t\t\t<\/div>\n\t\t\t\t<\/div>\n\t\t<div class=\"elementor-element elementor-element-f0a9ec2 e-flex e-con-boxed wd-section-disabled e-con e-parent\" data-id=\"f0a9ec2\" data-element_type=\"container\">\n\t\t\t\t\t<div class=\"e-con-inner\">\n\t\t\t\t<div class=\"elementor-element elementor-element-4c05554 elementor-widget elementor-widget-wd_text_block\" data-id=\"4c05554\" data-element_type=\"widget\" data-widget_type=\"wd_text_block.default\">\n\t\t\t\t<div class=\"elementor-widget-container\">\n\t\t\t\t\t<div class=\"wd-text-block reset-last-child text-left color-primary\">\n\t\t\t\n\t\t\t<p>Dengimo med\u017eiagos<\/p>\n\t\t\t\t\t<\/div>\n\t\t\t\t<\/div>\n\t\t\t\t<\/div>\n\t\t\t\t<div class=\"elementor-element elementor-element-de69c8c elementor-widget elementor-widget-wd_text_block\" data-id=\"de69c8c\" data-element_type=\"widget\" data-widget_type=\"wd_text_block.default\">\n\t\t\t\t<div class=\"elementor-widget-container\">\n\t\t\t\t\t<div class=\"wd-text-block reset-last-child text-left color-title\">\n\t\t\t\n\t\t\t<p>\u00b7 Water and solvent soluble coloured lacquers<br \/>\u00b7 Synthetic resin lacquers<br \/>\u00b7 Acrylic lacquers<br \/>\u00b7 Epoxy lacquers<br \/>\u00b7 Primers<br \/>\u00b7 Varnishes and enamels<br \/>\u00b7 Latex paints<br \/>\u00b7 Reaction paints<br \/>\u00b7 Dispersion paints<br \/>\u00b7 Intumescent paints<br \/>\u00b7 Thick-coat materials<br \/>\u00b7 Fireproof materials<br \/>\u00b7 Zinc powder paints<br \/>\u00b7 Micaceous iron oxide paints<br \/>\u00b7 Silicate<br \/>\u00b7 Corrosion protection products<br \/>\u00b7 Elastomeric coatings<br \/>\u00b7 Plaster<\/p>\n\t\t\t\t\t<\/div>\n\t\t\t\t<\/div>\n\t\t\t\t<\/div>\n\t\t\t\t\t<\/div>\n\t\t\t\t<\/div>\n\t\t\t\t<\/div>","protected":false},"excerpt":{"rendered":"<p>Technin\u0117s savyb\u0117s GasolineNA-200G ElectricNA-200E DID\u017dIAUSIA I\u0160VESTIS 6,4 l\/min 5,71 l\/min MAKSIMALUS DARBINIS SL\u0116GIS 228 bar 228 bar MAX SIZE PCD<\/p>","protected":false},"author":1,"featured_media":0,"parent":0,"menu_order":0,"comment_status":"closed","ping_status":"closed","template":"","meta":{"footnotes":""},"class_list":["post-15885","page","type-page","status-publish","hentry"],"_links":{"self":[{"href":"https:\/\/test.tirwash.lt\/en\/wp-json\/wp\/v2\/pages\/15885"}],"collection":[{"href":"https:\/\/test.tirwash.lt\/en\/wp-json\/wp\/v2\/pages"}],"about":[{"href":"https:\/\/test.tirwash.lt\/en\/wp-json\/wp\/v2\/types\/page"}],"author":[{"embeddable":true,"href":"https:\/\/test.tirwash.lt\/en\/wp-json\/wp\/v2\/users\/1"}],"replies":[{"embeddable":true,"href":"https:\/\/test.tirwash.lt\/en\/wp-json\/wp\/v2\/comments?post=15885"}],"version-history":[{"count":4,"href":"https:\/\/test.tirwash.lt\/en\/wp-json\/wp\/v2\/pages\/15885\/revisions"}],"predecessor-version":[{"id":15894,"href":"https:\/\/test.tirwash.lt\/en\/wp-json\/wp\/v2\/pages\/15885\/revisions\/15894"}],"wp:attachment":[{"href":"https:\/\/test.tirwash.lt\/en\/wp-json\/wp\/v2\/media?parent=15885"}],"curies":[{"name":"wp","href":"https:\/\/api.w.org\/{rel}","templated":true}]}}