{"id":15990,"date":"2024-06-26T10:08:30","date_gmt":"2024-06-26T10:08:30","guid":{"rendered":"http:\/\/test.tirwash.lt\/?page_id=15990"},"modified":"2024-06-26T10:10:52","modified_gmt":"2024-06-26T10:10:52","slug":"hoses","status":"publish","type":"page","link":"https:\/\/test.tirwash.lt\/en\/hoses\/","title":{"rendered":"Hoses"},"content":{"rendered":"<div data-elementor-type=\"wp-page\" data-elementor-id=\"15990\" class=\"elementor elementor-15990\" data-elementor-post-type=\"page\">\n\t\t\t\t<div class=\"elementor-element elementor-element-7dc3a10 e-flex e-con-boxed wd-section-disabled e-con e-parent\" data-id=\"7dc3a10\" data-element_type=\"container\">\n\t\t\t\t\t<div class=\"e-con-inner\">\n\t\t\t\t<div class=\"elementor-element elementor-element-61ce774 elementor-widget elementor-widget-wd_text_block\" data-id=\"61ce774\" data-element_type=\"widget\" data-widget_type=\"wd_text_block.default\">\n\t\t\t\t<div class=\"elementor-widget-container\">\n\t\t\t\t\t<div class=\"wd-text-block reset-last-child text-left color-primary\">\n\t\t\t\n\t\t\t<p>Technical specifications<\/p>\n\t\t\t\t\t<\/div>\n\t\t\t\t<\/div>\n\t\t\t\t<\/div>\n\t\t\t\t\t<\/div>\n\t\t\t\t<\/div>\n\t\t<div class=\"elementor-element elementor-element-80efebd e-flex e-con-boxed wd-section-disabled e-con e-parent\" data-id=\"80efebd\" data-element_type=\"container\">\n\t\t\t\t\t<div class=\"e-con-inner\">\n\t\t<div class=\"elementor-element elementor-element-cf84106 e-con-full e-flex wd-section-disabled e-con e-child\" data-id=\"cf84106\" data-element_type=\"container\">\n\t\t\t\t<div class=\"elementor-element elementor-element-c1b49f1 elementor-widget elementor-widget-wd_image_or_svg\" data-id=\"c1b49f1\" data-element_type=\"widget\" data-widget_type=\"wd_image_or_svg.default\">\n\t\t\t\t<div class=\"elementor-widget-container\">\n\t\t\t\n\t\t<div class=\"wd-image text-center\">\n\t\t\t\t\t\t\t\t<img fetchpriority=\"high\" decoding=\"async\" width=\"768\" height=\"576\" src=\"https:\/\/test.tirwash.lt\/wp-content\/uploads\/2024\/06\/HOSES-IV-RETOUCH-2048x1536-1.jpg\" class=\"attachment-medium_large size-medium_large wp-image-15992\" alt=\"\" \/>\t\t\t\t\t<\/div>\n\n\t\t\t\t<\/div>\n\t\t\t\t<\/div>\n\t\t\t\t<\/div>\n\t\t\t\t\t<\/div>\n\t\t\t\t<\/div>\n\t\t<div class=\"elementor-element elementor-element-1c310cb e-flex e-con-boxed wd-section-disabled e-con e-parent\" data-id=\"1c310cb\" data-element_type=\"container\">\n\t\t\t\t\t<div class=\"e-con-inner\">\n\t\t\t\t<div class=\"elementor-element elementor-element-79de068 elementor-widget elementor-widget-wd_text_block\" data-id=\"79de068\" data-element_type=\"widget\" data-widget_type=\"wd_text_block.default\">\n\t\t\t\t<div class=\"elementor-widget-container\">\n\t\t\t\t\t<div class=\"wd-text-block reset-last-child text-left color-primary\">\n\t\t\t\n\t\t\t<p>Dokumentacija<\/p>\n\t\t\t\t\t<\/div>\n\t\t\t\t<\/div>\n\t\t\t\t<\/div>\n\t\t\t\t\t<\/div>\n\t\t\t\t<\/div>\n\t\t<div class=\"elementor-element elementor-element-9d1a9c6 e-flex e-con-boxed wd-section-disabled e-con e-parent\" data-id=\"9d1a9c6\" data-element_type=\"container\">\n\t\t\t\t\t<div class=\"e-con-inner\">\n\t\t\t\t<div class=\"elementor-element elementor-element-6d47ea3 elementor-widget__width-initial elementor-widget elementor-widget-wd_list\" data-id=\"6d47ea3\" data-element_type=\"widget\" data-widget_type=\"wd_list.default\">\n\t\t\t\t<div class=\"elementor-widget-container\">\n\t\t\t\t\t<ul class=\"wd-list color-scheme- wd-fontsize-s wd-list-type-icon wd-list-style-square wd-justify-left wd-list-shape-icon\">\n\t\t\t\t\t\t\t\t\t\t\t<li class=\"elementor-repeater-item-36def38\">\n\t\t\t\t\t\t\t\t\t\t\t<svg class=\"list-icon e-font-icon-svg e-fas-file-pdf\" viewbox=\"0 0 384 512\" xmlns=\"http:\/\/www.w3.org\/2000\/svg\"><path d=\"M181.9 256.1c-5-16-4.9-46.9-2-46.9 8.4 0 7.6 36.9 2 46.9zm-1.7 47.2c-7.7 20.2-17.3 43.3-28.4 62.7 18.3-7 39-17.2 62.9-21.9-12.7-9.6-24.9-23.4-34.5-40.8zM86.1 428.1c0 .8 13.2-5.4 34.9-40.2-6.7 6.3-29.1 24.5-34.9 40.2zM248 160h136v328c0 13.3-10.7 24-24 24H24c-13.3 0-24-10.7-24-24V24C0 10.7 10.7 0 24 0h200v136c0 13.2 10.8 24 24 24zm-8 171.8c-20-12.2-33.3-29-42.7-53.8 4.5-18.5 11.6-46.6 6.2-64.2-4.7-29.4-42.4-26.5-47.8-6.8-5 18.3-.4 44.1 8.1 77-11.6 27.6-28.7 64.6-40.8 85.8-.1 0-.1.1-.2.1-27.1 13.9-73.6 44.5-54.5 68 5.6 6.9 16 10 21.5 10 17.9 0 35.7-18 61.1-61.8 25.8-8.5 54.1-19.1 79-23.2 21.7 11.8 47.1 19.5 64 19.5 29.2 0 31.2-32 19.7-43.4-13.9-13.6-54.3-9.7-73.6-7.2zM377 105L279 7c-4.5-4.5-10.6-7-17-7h-6v128h128v-6.1c0-6.3-2.5-12.4-7-16.9zm-74.1 255.3c4.1-2.7-2.5-11.9-42.8-9 37.1 15.8 42.8 9 42.8 9z\"><\/path><\/svg>\t\t\t\t\t\n\t\t\t\t\t<span class=\"list-content\">\n\t\t\t\t\t\tKomponent\u0173 ir naudojimo vadovas\t\t\t\t\t<\/span>\n\n\t\t\t\t\t\n\t\t\t\t\t\t<a  href=\"http:\/\/test.tirwash.lt\/wp-content\/uploads\/2024\/06\/Issue-1.2-NR-00043-ENG-Insulated-Product-Hoses-Service-Parts-Manual.pdf\" class=\"wd-fill\" aria-label=\"List item link\"><\/a>\n\t\t\t\t\t\t\t\t\t<\/li>\n\t\t\t\t\t<\/ul>\n\n\t\t\t\t<\/div>\n\t\t\t\t<\/div>\n\t\t\t\t\t<\/div>\n\t\t\t\t<\/div>\n\t\t\t\t<\/div>","protected":false},"excerpt":{"rendered":"<p>Technin\u0117s savyb\u0117s Dokumentacija Komponent\u0173 ir naudojimo vadovas<\/p>","protected":false},"author":1,"featured_media":0,"parent":0,"menu_order":0,"comment_status":"closed","ping_status":"closed","template":"","meta":{"footnotes":""},"class_list":["post-15990","page","type-page","status-publish","hentry"],"_links":{"self":[{"href":"https:\/\/test.tirwash.lt\/en\/wp-json\/wp\/v2\/pages\/15990"}],"collection":[{"href":"https:\/\/test.tirwash.lt\/en\/wp-json\/wp\/v2\/pages"}],"about":[{"href":"https:\/\/test.tirwash.lt\/en\/wp-json\/wp\/v2\/types\/page"}],"author":[{"embeddable":true,"href":"https:\/\/test.tirwash.lt\/en\/wp-json\/wp\/v2\/users\/1"}],"replies":[{"embeddable":true,"href":"https:\/\/test.tirwash.lt\/en\/wp-json\/wp\/v2\/comments?post=15990"}],"version-history":[{"count":4,"href":"https:\/\/test.tirwash.lt\/en\/wp-json\/wp\/v2\/pages\/15990\/revisions"}],"predecessor-version":[{"id":15996,"href":"https:\/\/test.tirwash.lt\/en\/wp-json\/wp\/v2\/pages\/15990\/revisions\/15996"}],"wp:attachment":[{"href":"https:\/\/test.tirwash.lt\/en\/wp-json\/wp\/v2\/media?parent=15990"}],"curies":[{"name":"wp","href":"https:\/\/api.w.org\/{rel}","templated":true}]}}