{"id":16735,"date":"2024-07-31T07:22:04","date_gmt":"2024-07-31T07:22:04","guid":{"rendered":"https:\/\/test.tirwash.lt\/?page_id=16735"},"modified":"2024-07-31T07:35:35","modified_gmt":"2024-07-31T07:35:35","slug":"slifavimo-sratavimo-iranga","status":"publish","type":"page","link":"https:\/\/test.tirwash.lt\/en\/slifavimo-sratavimo-iranga\/","title":{"rendered":"\u0160lifavimo\/\u0161ratavimo \u012franga"},"content":{"rendered":"<div data-elementor-type=\"wp-page\" data-elementor-id=\"16735\" class=\"elementor elementor-16735\" data-elementor-post-type=\"page\">\n\t\t\t\t<div class=\"elementor-element elementor-element-dfa9c7a e-flex e-con-boxed wd-section-disabled e-con e-parent\" data-id=\"dfa9c7a\" data-element_type=\"container\">\n\t\t\t\t\t<div class=\"e-con-inner\">\n\t\t\t\t<div class=\"elementor-element elementor-element-856824f elementor-widget elementor-widget-wd_text_block\" data-id=\"856824f\" data-element_type=\"widget\" data-widget_type=\"wd_text_block.default\">\n\t\t\t\t<div class=\"elementor-widget-container\">\n\t\t\t\t\t<div class=\"wd-text-block reset-last-child text-left color-title\">\n\t\t\t\n\t\t\t<p>Pavir\u0161i\u0173 paruo\u0161imas<\/p>\n\t\t\t\t\t<\/div>\n\t\t\t\t<\/div>\n\t\t\t\t<\/div>\n\t\t\t\t<div class=\"elementor-element elementor-element-641e3fc elementor-widget elementor-widget-wd_text_block\" data-id=\"641e3fc\" data-element_type=\"widget\" data-widget_type=\"wd_text_block.default\">\n\t\t\t\t<div class=\"elementor-widget-container\">\n\t\t\t\t\t<div class=\"wd-text-block reset-last-child text-left color-title\">\n\t\t\t\n\t\t\t<div class=\"public-DraftStyleDefault-block public-DraftStyleDefault-ltr\" data-offset-key=\"61nmq-0-0\">UAB \"Politechnologijos\" yra oficialus BLASTRAC atstovas Baltijos \u0161alyse.\u00a0<\/div><div class=\"public-DraftStyleDefault-block public-DraftStyleDefault-ltr\" data-offset-key=\"61nmq-0-0\">\u00a0<\/div><div class=\"_17fgIIn___block normal\" data-block=\"true\" data-editor=\"ajov8\" data-offset-key=\"e862o-0-0\"><div class=\"public-DraftStyleDefault-block public-DraftStyleDefault-ltr\" data-offset-key=\"e862o-0-0\"><span data-offset-key=\"e862o-0-0\">Kai kalbama apie pavir\u0161iaus paruo\u0161imui skirt\u0105 mobili\u0105 technik\u0105, BLASTRAC \u2014 ry\u0161kiausias ir pirmaujantis prek\u0117s \u017eenklas. Prireikus paruo\u0161ti pavir\u0161ius, \u012fskaitant dekoratyvines ir pramonines grindis, laivus da\u017eymui, saugyklas, greitkelius, tiltus, atlikti griovimo ir nukenksminimo darbus, sutvarkyti oro uostus ir pana\u0161iai, BLASTRAC sistemoms pirmenyb\u0119 teikia rangovai i\u0161 \u012fvairi\u0173 pramon\u0117s sektori\u0173.<\/span><\/div><div data-offset-key=\"e862o-0-0\">\u00a0<\/div><\/div><div class=\"_17fgIIn___block normal\" data-block=\"true\" data-editor=\"ajov8\" data-offset-key=\"dco76-0-0\"><div class=\"public-DraftStyleDefault-block public-DraftStyleDefault-ltr\" data-offset-key=\"dco76-0-0\"><span data-offset-key=\"dco76-0-0\">Kol informacija yra ruo\u0161iama, pra\u0161ome u\u017esukti \u012f <\/span><span class=\"LreJDHx___wrapper\"><a class=\"HXO9zGZ___link\" href=\"http:\/\/www.blastrac.pl\/poland\/lit\/\" target=\"_blank\" rel=\"noopener\" data-reactlink=\"true\"><span data-offset-key=\"dco76-1-0\">BLASTRAC svetaine<\/span><\/a><\/span><span data-offset-key=\"dco76-2-0\">.<\/span><\/div><\/div>\n\t\t\t\t\t<\/div>\n\t\t\t\t<\/div>\n\t\t\t\t<\/div>\n\t\t\t\t<div class=\"elementor-element elementor-element-381baed elementor-widget elementor-widget-wd_text_block\" data-id=\"381baed\" data-element_type=\"widget\" data-widget_type=\"wd_text_block.default\">\n\t\t\t\t<div class=\"elementor-widget-container\">\n\t\t\t\t\t<div class=\"wd-text-block reset-last-child text-left color-primary\">\n\t\t\t\n\t\t\t<p>BLASTRAC produkt\u0173 katalogas<\/p>\n\t\t\t\t\t<\/div>\n\t\t\t\t<\/div>\n\t\t\t\t<\/div>\n\t\t\t\t<div class=\"elementor-element elementor-element-490af4c elementor-widget__width-initial elementor-widget elementor-widget-wd_list\" data-id=\"490af4c\" data-element_type=\"widget\" data-widget_type=\"wd_list.default\">\n\t\t\t\t<div class=\"elementor-widget-container\">\n\t\t\t\t\t<ul class=\"wd-list color-scheme- wd-fontsize-s wd-list-type-icon wd-list-style-square wd-justify-left wd-list-shape-icon\">\n\t\t\t\t\t\t\t\t\t\t\t<li class=\"elementor-repeater-item-36def38\">\n\t\t\t\t\t\t\t\t\t\t\t<svg class=\"list-icon e-font-icon-svg e-fas-file-download\" viewbox=\"0 0 384 512\" xmlns=\"http:\/\/www.w3.org\/2000\/svg\"><path d=\"M224 136V0H24C10.7 0 0 10.7 0 24v464c0 13.3 10.7 24 24 24h336c13.3 0 24-10.7 24-24V160H248c-13.2 0-24-10.8-24-24zm76.45 211.36l-96.42 95.7c-6.65 6.61-17.39 6.61-24.04 0l-96.42-95.7C73.42 337.29 80.54 320 94.82 320H160v-80c0-8.84 7.16-16 16-16h32c8.84 0 16 7.16 16 16v80h65.18c14.28 0 21.4 17.29 11.27 27.36zM377 105L279.1 7c-4.5-4.5-10.6-7-17-7H256v128h128v-6.1c0-6.3-2.5-12.4-7-16.9z\"><\/path><\/svg>\t\t\t\t\t\n\t\t\t\t\t<span class=\"list-content\">\n\t\t\t\t\t\tPRODUKTAI\t\t\t\t\t<\/span>\n\n\t\t\t\t\t\n\t\t\t\t\t\t<a  href=\"https:\/\/test.tirwash.lt\/wp-content\/uploads\/2024\/07\/Blastrac_Catalogue_Europe_LR.compressed.pdf\" class=\"wd-fill\" aria-label=\"List item link\"><\/a>\n\t\t\t\t\t\t\t\t\t<\/li>\n\t\t\t\t\t<\/ul>\n\n\t\t\t\t<\/div>\n\t\t\t\t<\/div>\n\t\t\t\t\t<\/div>\n\t\t\t\t<\/div>\n\t\t\t\t<\/div>","protected":false},"excerpt":{"rendered":"<p>Pavir\u0161i\u0173 paruo\u0161imas UAB &#8222;Politechnologijos&#8221; yra oficialus BLASTRAC atstovas Baltijos \u0161alyse.\u00a0\u00a0Kai kalbama apie pavir\u0161iaus paruo\u0161imui skirt\u0105 mobili\u0105 technik\u0105, BLASTRAC \u2014 ry\u0161kiausias<\/p>","protected":false},"author":1,"featured_media":0,"parent":0,"menu_order":0,"comment_status":"closed","ping_status":"closed","template":"","meta":{"footnotes":""},"class_list":["post-16735","page","type-page","status-publish","hentry"],"_links":{"self":[{"href":"https:\/\/test.tirwash.lt\/en\/wp-json\/wp\/v2\/pages\/16735"}],"collection":[{"href":"https:\/\/test.tirwash.lt\/en\/wp-json\/wp\/v2\/pages"}],"about":[{"href":"https:\/\/test.tirwash.lt\/en\/wp-json\/wp\/v2\/types\/page"}],"author":[{"embeddable":true,"href":"https:\/\/test.tirwash.lt\/en\/wp-json\/wp\/v2\/users\/1"}],"replies":[{"embeddable":true,"href":"https:\/\/test.tirwash.lt\/en\/wp-json\/wp\/v2\/comments?post=16735"}],"version-history":[{"count":4,"href":"https:\/\/test.tirwash.lt\/en\/wp-json\/wp\/v2\/pages\/16735\/revisions"}],"predecessor-version":[{"id":16741,"href":"https:\/\/test.tirwash.lt\/en\/wp-json\/wp\/v2\/pages\/16735\/revisions\/16741"}],"wp:attachment":[{"href":"https:\/\/test.tirwash.lt\/en\/wp-json\/wp\/v2\/media?parent=16735"}],"curies":[{"name":"wp","href":"https:\/\/api.w.org\/{rel}","templated":true}]}}