{"id":16742,"date":"2024-07-31T07:37:12","date_gmt":"2024-07-31T07:37:12","guid":{"rendered":"https:\/\/test.tirwash.lt\/?page_id=16742"},"modified":"2024-07-31T07:44:06","modified_gmt":"2024-07-31T07:44:06","slug":"hidroizoliacija","status":"publish","type":"page","link":"https:\/\/test.tirwash.lt\/en\/hidroizoliacija\/","title":{"rendered":"Hidroizoliacija"},"content":{"rendered":"<div data-elementor-type=\"wp-page\" data-elementor-id=\"16742\" class=\"elementor elementor-16742\" data-elementor-post-type=\"page\">\n\t\t\t\t<div class=\"elementor-element elementor-element-dfa9c7a e-flex e-con-boxed wd-section-disabled e-con e-parent\" data-id=\"dfa9c7a\" data-element_type=\"container\">\n\t\t\t\t\t<div class=\"e-con-inner\">\n\t\t\t\t<div class=\"elementor-element elementor-element-856824f elementor-widget elementor-widget-wd_text_block\" data-id=\"856824f\" data-element_type=\"widget\" data-widget_type=\"wd_text_block.default\">\n\t\t\t\t<div class=\"elementor-widget-container\">\n\t\t\t\t\t<div class=\"wd-text-block reset-last-child text-left color-title\">\n\t\t\t\n\t\t\t<p>Hidroizoliacija ir grind\u0173 dangos<\/p>\n\t\t\t\t\t<\/div>\n\t\t\t\t<\/div>\n\t\t\t\t<\/div>\n\t\t\t\t<div class=\"elementor-element elementor-element-641e3fc elementor-widget elementor-widget-wd_text_block\" data-id=\"641e3fc\" data-element_type=\"widget\" data-widget_type=\"wd_text_block.default\">\n\t\t\t\t<div class=\"elementor-widget-container\">\n\t\t\t\t\t<div class=\"wd-text-block reset-last-child text-left color-title\">\n\t\t\t\n\t\t\t<div class=\"public-DraftStyleDefault-block public-DraftStyleDefault-ltr\" data-offset-key=\"61nmq-0-0\"><div class=\"_17fgIIn___block normal\" data-block=\"true\" data-editor=\"1a19j\" data-offset-key=\"6hcuj-0-0\"><div class=\"public-DraftStyleDefault-block public-DraftStyleDefault-ltr\" data-offset-key=\"6hcuj-0-0\"><span data-offset-key=\"6hcuj-0-0\">UAB \"Politechnologijos\" yra oficialus KRYPTON CHEMICAL S.L. atstovas Baltijos \u0161alyse. \u00a0<\/span><\/div><div data-offset-key=\"6hcuj-0-0\">\u00a0<\/div><div class=\"public-DraftStyleDefault-block public-DraftStyleDefault-ltr\" data-offset-key=\"6hcuj-0-0\"><span data-offset-key=\"6hcuj-0-0\">Krypton priklauso \u017eymus RAYSTON prekybos \u017eenklas. RAYSTON - tai labai platus auks\u010diausios kokyb\u0117s hidroizoliacini\u0173 med\u017eiag\u0173 ir polimerini\u0173 grind\u0173 dang\u0173 asortimentas.<\/span><\/div><\/div><div class=\"_17fgIIn___block normal\" data-block=\"true\" data-editor=\"1a19j\" data-offset-key=\"2pri2-0-0\"><div data-offset-key=\"2pri2-0-0\">\u00a0<\/div><div class=\"public-DraftStyleDefault-block public-DraftStyleDefault-ltr\" data-offset-key=\"2pri2-0-0\"><span data-offset-key=\"2pri2-0-0\">Taip pat pra\u0161ome u\u017esukti \u012f<\/span> <span class=\"LreJDHx___wrapper\"><a class=\"HXO9zGZ___link\" href=\"http:\/\/www.kryptonchemical.com\/\" target=\"_blank\" rel=\"noopener\" data-reactlink=\"true\"><span data-offset-key=\"2pri2-1-0\">KRYPTON CHEMICAL S.L. svetaine<\/span><\/a><\/span><span data-offset-key=\"2pri2-2-0\">.<\/span><\/div><\/div><\/div>\n\t\t\t\t\t<\/div>\n\t\t\t\t<\/div>\n\t\t\t\t<\/div>\n\t\t\t\t<div class=\"elementor-element elementor-element-381baed elementor-widget elementor-widget-wd_text_block\" data-id=\"381baed\" data-element_type=\"widget\" data-widget_type=\"wd_text_block.default\">\n\t\t\t\t<div class=\"elementor-widget-container\">\n\t\t\t\t\t<div class=\"wd-text-block reset-last-child text-left color-primary\">\n\t\t\t\n\t\t\t<p>Hidroizoliaciniai ir grind\u0173 dang\u0173 produkt\u0173 kainora\u0161tis 2017 metams<\/p>\n\t\t\t\t\t<\/div>\n\t\t\t\t<\/div>\n\t\t\t\t<\/div>\n\t\t\t\t<div class=\"elementor-element elementor-element-490af4c elementor-widget__width-initial elementor-widget elementor-widget-wd_list\" data-id=\"490af4c\" data-element_type=\"widget\" data-widget_type=\"wd_list.default\">\n\t\t\t\t<div class=\"elementor-widget-container\">\n\t\t\t\t\t<ul class=\"wd-list color-scheme- wd-fontsize-s wd-list-type-icon wd-list-style-square wd-justify-left wd-list-shape-icon\">\n\t\t\t\t\t\t\t\t\t\t\t<li class=\"elementor-repeater-item-36def38\">\n\t\t\t\t\t\t\t\t\t\t\t<svg class=\"list-icon e-font-icon-svg e-fas-file-download\" viewbox=\"0 0 384 512\" xmlns=\"http:\/\/www.w3.org\/2000\/svg\"><path d=\"M224 136V0H24C10.7 0 0 10.7 0 24v464c0 13.3 10.7 24 24 24h336c13.3 0 24-10.7 24-24V160H248c-13.2 0-24-10.8-24-24zm76.45 211.36l-96.42 95.7c-6.65 6.61-17.39 6.61-24.04 0l-96.42-95.7C73.42 337.29 80.54 320 94.82 320H160v-80c0-8.84 7.16-16 16-16h32c8.84 0 16 7.16 16 16v80h65.18c14.28 0 21.4 17.29 11.27 27.36zM377 105L279.1 7c-4.5-4.5-10.6-7-17-7H256v128h128v-6.1c0-6.3-2.5-12.4-7-16.9z\"><\/path><\/svg>\t\t\t\t\t\n\t\t\t\t\t<span class=\"list-content\">\n\t\t\t\t\t\tRAYSTON KAINORA\u0160TIS 2017\t\t\t\t\t<\/span>\n\n\t\t\t\t\t\n\t\t\t\t\t\t<a  href=\"https:\/\/test.tirwash.lt\/wp-content\/uploads\/2024\/07\/Price-List-2017-final-lt-8MB-v1-protect.pdf\" class=\"wd-fill\" aria-label=\"List item link\"><\/a>\n\t\t\t\t\t\t\t\t\t<\/li>\n\t\t\t\t\t<\/ul>\n\n\t\t\t\t<\/div>\n\t\t\t\t<\/div>\n\t\t\t\t<div class=\"elementor-element elementor-element-f20df61 elementor-widget elementor-widget-wd_text_block\" data-id=\"f20df61\" data-element_type=\"widget\" data-widget_type=\"wd_text_block.default\">\n\t\t\t\t<div class=\"elementor-widget-container\">\n\t\t\t\t\t<div class=\"wd-text-block reset-last-child text-left color-primary\">\n\t\t\t\n\t\t\t<p>Hidroizoliaciniai produktai ir sprendimai<\/p>\n\t\t\t\t\t<\/div>\n\t\t\t\t<\/div>\n\t\t\t\t<\/div>\n\t\t\t\t<div class=\"elementor-element elementor-element-52684d0 elementor-widget__width-initial elementor-widget elementor-widget-wd_list\" data-id=\"52684d0\" data-element_type=\"widget\" data-widget_type=\"wd_list.default\">\n\t\t\t\t<div class=\"elementor-widget-container\">\n\t\t\t\t\t<ul class=\"wd-list color-scheme- wd-fontsize-s wd-list-type-icon wd-list-style-square wd-justify-left wd-list-shape-icon\">\n\t\t\t\t\t\t\t\t\t\t\t<li class=\"elementor-repeater-item-36def38\">\n\t\t\t\t\t\t\t\t\t\t\t<svg class=\"list-icon e-font-icon-svg e-fas-file-download\" viewbox=\"0 0 384 512\" xmlns=\"http:\/\/www.w3.org\/2000\/svg\"><path d=\"M224 136V0H24C10.7 0 0 10.7 0 24v464c0 13.3 10.7 24 24 24h336c13.3 0 24-10.7 24-24V160H248c-13.2 0-24-10.8-24-24zm76.45 211.36l-96.42 95.7c-6.65 6.61-17.39 6.61-24.04 0l-96.42-95.7C73.42 337.29 80.54 320 94.82 320H160v-80c0-8.84 7.16-16 16-16h32c8.84 0 16 7.16 16 16v80h65.18c14.28 0 21.4 17.29 11.27 27.36zM377 105L279.1 7c-4.5-4.5-10.6-7-17-7H256v128h128v-6.1c0-6.3-2.5-12.4-7-16.9z\"><\/path><\/svg>\t\t\t\t\t\n\t\t\t\t\t<span class=\"list-content\">\n\t\t\t\t\t\tIMPERMAX hidroizoliacija\t\t\t\t\t<\/span>\n\n\t\t\t\t\t\n\t\t\t\t\t\t<a  href=\"https:\/\/test.tirwash.lt\/wp-content\/uploads\/2024\/07\/IMPER_LT-small.pdf\" class=\"wd-fill\" aria-label=\"List item link\"><\/a>\n\t\t\t\t\t\t\t\t\t<\/li>\n\t\t\t\t\t<\/ul>\n\n\t\t\t\t<\/div>\n\t\t\t\t<\/div>\n\t\t\t\t\t<\/div>\n\t\t\t\t<\/div>\n\t\t\t\t<\/div>","protected":false},"excerpt":{"rendered":"<p>Hidroizoliacija ir grind\u0173 dangos UAB &#8222;Politechnologijos&#8221; yra oficialus KRYPTON CHEMICAL S.L. atstovas Baltijos \u0161alyse. \u00a0\u00a0Krypton priklauso \u017eymus RAYSTON prekybos \u017eenklas.<\/p>","protected":false},"author":1,"featured_media":0,"parent":0,"menu_order":0,"comment_status":"closed","ping_status":"closed","template":"","meta":{"footnotes":""},"class_list":["post-16742","page","type-page","status-publish","hentry"],"_links":{"self":[{"href":"https:\/\/test.tirwash.lt\/en\/wp-json\/wp\/v2\/pages\/16742"}],"collection":[{"href":"https:\/\/test.tirwash.lt\/en\/wp-json\/wp\/v2\/pages"}],"about":[{"href":"https:\/\/test.tirwash.lt\/en\/wp-json\/wp\/v2\/types\/page"}],"author":[{"embeddable":true,"href":"https:\/\/test.tirwash.lt\/en\/wp-json\/wp\/v2\/users\/1"}],"replies":[{"embeddable":true,"href":"https:\/\/test.tirwash.lt\/en\/wp-json\/wp\/v2\/comments?post=16742"}],"version-history":[{"count":6,"href":"https:\/\/test.tirwash.lt\/en\/wp-json\/wp\/v2\/pages\/16742\/revisions"}],"predecessor-version":[{"id":16751,"href":"https:\/\/test.tirwash.lt\/en\/wp-json\/wp\/v2\/pages\/16742\/revisions\/16751"}],"wp:attachment":[{"href":"https:\/\/test.tirwash.lt\/en\/wp-json\/wp\/v2\/media?parent=16742"}],"curies":[{"name":"wp","href":"https:\/\/api.w.org\/{rel}","templated":true}]}}