{"id":16756,"date":"2024-07-31T11:22:36","date_gmt":"2024-07-31T11:22:36","guid":{"rendered":"https:\/\/test.tirwash.lt\/?page_id=16756"},"modified":"2024-07-31T11:44:31","modified_gmt":"2024-07-31T11:44:31","slug":"dazymo-iranga-siurbliai","status":"publish","type":"page","link":"https:\/\/test.tirwash.lt\/en\/dazymo-iranga-siurbliai\/","title":{"rendered":"Da\u017eymo \u012franga, siurbliai"},"content":{"rendered":"<div data-elementor-type=\"wp-page\" data-elementor-id=\"16756\" class=\"elementor elementor-16756\" data-elementor-post-type=\"page\">\n\t\t\t\t<div class=\"elementor-element elementor-element-dfa9c7a e-flex e-con-boxed wd-section-disabled e-con e-parent\" data-id=\"dfa9c7a\" data-element_type=\"container\">\n\t\t\t\t\t<div class=\"e-con-inner\">\n\t\t\t\t<div class=\"elementor-element elementor-element-381baed elementor-widget elementor-widget-wd_text_block\" data-id=\"381baed\" data-element_type=\"widget\" data-widget_type=\"wd_text_block.default\">\n\t\t\t\t<div class=\"elementor-widget-container\">\n\t\t\t\t\t<div class=\"wd-text-block reset-last-child text-left color-primary\">\n\t\t\t\n\t\t\t<p>PRAMONEI<\/p>\n\t\t\t\t\t<\/div>\n\t\t\t\t<\/div>\n\t\t\t\t<\/div>\n\t\t\t\t\t<\/div>\n\t\t\t\t<\/div>\n\t\t<div class=\"elementor-element elementor-element-af2b671 e-grid e-con-boxed wd-section-disabled e-con e-parent\" data-id=\"af2b671\" data-element_type=\"container\">\n\t\t\t\t\t<div class=\"e-con-inner\">\n\t\t\t\t<div class=\"elementor-element elementor-element-6b2086e elementor-widget__width-initial elementor-widget elementor-widget-wd_image_or_svg\" data-id=\"6b2086e\" data-element_type=\"widget\" data-widget_type=\"wd_image_or_svg.default\">\n\t\t\t\t<div class=\"elementor-widget-container\">\n\t\t\t\n\t\t<div class=\"wd-image text-left\">\n\t\t\t\t\t\t\t<a  href=\"https:\/\/www.larius.com\/wp-content\/uploads\/pneumatic-airless-equipment-en-def.pdf\">\n\t\t\t\t\t\t\t\t<img fetchpriority=\"high\" decoding=\"async\" width=\"380\" height=\"530\" src=\"https:\/\/test.tirwash.lt\/wp-content\/uploads\/2024\/07\/pneumatic-airless-equipment-en-cover.webp\" class=\"attachment-full size-full wp-image-16764\" alt=\"\" srcset=\"https:\/\/test.tirwash.lt\/wp-content\/uploads\/2024\/07\/pneumatic-airless-equipment-en-cover.webp 380w, https:\/\/test.tirwash.lt\/wp-content\/uploads\/2024\/07\/pneumatic-airless-equipment-en-cover-215x300.webp 215w, https:\/\/test.tirwash.lt\/wp-content\/uploads\/2024\/07\/pneumatic-airless-equipment-en-cover-9x12.webp 9w, https:\/\/test.tirwash.lt\/wp-content\/uploads\/2024\/07\/pneumatic-airless-equipment-en-cover-150x209.webp 150w\" sizes=\"(max-width: 380px) 100vw, 380px\" \/>\t\t\t\t\t\t\t<\/a>\n\t\t\t\t\t<\/div>\n\n\t\t\t\t<\/div>\n\t\t\t\t<\/div>\n\t\t\t\t<div class=\"elementor-element elementor-element-eb4fbfb elementor-widget elementor-widget-wd_image_or_svg\" data-id=\"eb4fbfb\" data-element_type=\"widget\" data-widget_type=\"wd_image_or_svg.default\">\n\t\t\t\t<div class=\"elementor-widget-container\">\n\t\t\t\n\t\t<div class=\"wd-image text-left\">\n\t\t\t\t\t\t\t<a  href=\"https:\/\/cdn.larius.com\/wp-content\/uploads\/warm-melt-extrusion-pumps-catalogue.pdf\">\n\t\t\t\t\t\t\t\t<img decoding=\"async\" width=\"380\" height=\"530\" src=\"https:\/\/test.tirwash.lt\/wp-content\/uploads\/2024\/07\/warm-melt-extrusion-pumps-catalogue.webp\" class=\"attachment-full size-full wp-image-16763\" alt=\"\" srcset=\"https:\/\/test.tirwash.lt\/wp-content\/uploads\/2024\/07\/warm-melt-extrusion-pumps-catalogue.webp 380w, https:\/\/test.tirwash.lt\/wp-content\/uploads\/2024\/07\/warm-melt-extrusion-pumps-catalogue-215x300.webp 215w, https:\/\/test.tirwash.lt\/wp-content\/uploads\/2024\/07\/warm-melt-extrusion-pumps-catalogue-9x12.webp 9w, https:\/\/test.tirwash.lt\/wp-content\/uploads\/2024\/07\/warm-melt-extrusion-pumps-catalogue-150x209.webp 150w\" sizes=\"(max-width: 380px) 100vw, 380px\" \/>\t\t\t\t\t\t\t<\/a>\n\t\t\t\t\t<\/div>\n\n\t\t\t\t<\/div>\n\t\t\t\t<\/div>\n\t\t\t\t<div class=\"elementor-element elementor-element-672f6b4 elementor-widget elementor-widget-wd_image_or_svg\" data-id=\"672f6b4\" data-element_type=\"widget\" data-widget_type=\"wd_image_or_svg.default\">\n\t\t\t\t<div class=\"elementor-widget-container\">\n\t\t\t\n\t\t<div class=\"wd-image text-left\">\n\t\t\t\t\t\t\t<a  href=\"https:\/\/cdn.larius.com\/wp-content\/uploads\/samoa-larius-pompe-estrusione-extrusion-pumps-1.pdf\">\n\t\t\t\t\t\t\t\t<img decoding=\"async\" width=\"380\" height=\"530\" src=\"https:\/\/test.tirwash.lt\/wp-content\/uploads\/2024\/07\/cover-pompe-estrusione-extrusion-pumps-380x530-1.jpg\" class=\"attachment-full size-full wp-image-16761\" alt=\"\" srcset=\"https:\/\/test.tirwash.lt\/wp-content\/uploads\/2024\/07\/cover-pompe-estrusione-extrusion-pumps-380x530-1.jpg 380w, https:\/\/test.tirwash.lt\/wp-content\/uploads\/2024\/07\/cover-pompe-estrusione-extrusion-pumps-380x530-1-215x300.jpg 215w, https:\/\/test.tirwash.lt\/wp-content\/uploads\/2024\/07\/cover-pompe-estrusione-extrusion-pumps-380x530-1-9x12.jpg 9w, https:\/\/test.tirwash.lt\/wp-content\/uploads\/2024\/07\/cover-pompe-estrusione-extrusion-pumps-380x530-1-150x209.jpg 150w\" sizes=\"(max-width: 380px) 100vw, 380px\" \/>\t\t\t\t\t\t\t<\/a>\n\t\t\t\t\t<\/div>\n\n\t\t\t\t<\/div>\n\t\t\t\t<\/div>\n\t\t\t\t<div class=\"elementor-element elementor-element-b315bcb elementor-widget elementor-widget-wd_image_or_svg\" data-id=\"b315bcb\" data-element_type=\"widget\" data-widget_type=\"wd_image_or_svg.default\">\n\t\t\t\t<div class=\"elementor-widget-container\">\n\t\t\t\n\t\t<div class=\"wd-image text-left\">\n\t\t\t\t\t\t\t<a  href=\"https:\/\/cdn.larius.com\/wp-content\/uploads\/samoa-larius-pompe-travaso-transfer-pumps-1.pdf\">\n\t\t\t\t\t\t\t\t<img loading=\"lazy\" decoding=\"async\" width=\"380\" height=\"530\" src=\"https:\/\/test.tirwash.lt\/wp-content\/uploads\/2024\/07\/copertina-pompe-travaso-transfer-pumps-1.jpg\" class=\"attachment-full size-full wp-image-16762\" alt=\"\" srcset=\"https:\/\/test.tirwash.lt\/wp-content\/uploads\/2024\/07\/copertina-pompe-travaso-transfer-pumps-1.jpg 380w, https:\/\/test.tirwash.lt\/wp-content\/uploads\/2024\/07\/copertina-pompe-travaso-transfer-pumps-1-215x300.jpg 215w, https:\/\/test.tirwash.lt\/wp-content\/uploads\/2024\/07\/copertina-pompe-travaso-transfer-pumps-1-9x12.jpg 9w, https:\/\/test.tirwash.lt\/wp-content\/uploads\/2024\/07\/copertina-pompe-travaso-transfer-pumps-1-150x209.jpg 150w\" sizes=\"(max-width: 380px) 100vw, 380px\" \/>\t\t\t\t\t\t\t<\/a>\n\t\t\t\t\t<\/div>\n\n\t\t\t\t<\/div>\n\t\t\t\t<\/div>\n\t\t\t\t<div class=\"elementor-element elementor-element-dbb1ce1 elementor-widget elementor-widget-wd_image_or_svg\" data-id=\"dbb1ce1\" data-element_type=\"widget\" data-widget_type=\"wd_image_or_svg.default\">\n\t\t\t\t<div class=\"elementor-widget-container\">\n\t\t\t\n\t\t<div class=\"wd-image text-left\">\n\t\t\t\t\t\t\t<a  href=\"https:\/\/cdn.larius.com\/wp-content\/uploads\/low-pressure-painting-pumps-samoa.pdf\">\n\t\t\t\t\t\t\t\t<img loading=\"lazy\" decoding=\"async\" width=\"380\" height=\"530\" src=\"https:\/\/test.tirwash.lt\/wp-content\/uploads\/2024\/07\/cover-low-pressure-pumps-en-Samoa.jpg\" class=\"attachment-full size-full wp-image-16760\" alt=\"\" srcset=\"https:\/\/test.tirwash.lt\/wp-content\/uploads\/2024\/07\/cover-low-pressure-pumps-en-Samoa.jpg 380w, https:\/\/test.tirwash.lt\/wp-content\/uploads\/2024\/07\/cover-low-pressure-pumps-en-Samoa-215x300.jpg 215w, https:\/\/test.tirwash.lt\/wp-content\/uploads\/2024\/07\/cover-low-pressure-pumps-en-Samoa-9x12.jpg 9w, https:\/\/test.tirwash.lt\/wp-content\/uploads\/2024\/07\/cover-low-pressure-pumps-en-Samoa-150x209.jpg 150w\" sizes=\"(max-width: 380px) 100vw, 380px\" \/>\t\t\t\t\t\t\t<\/a>\n\t\t\t\t\t<\/div>\n\n\t\t\t\t<\/div>\n\t\t\t\t<\/div>\n\t\t\t\t<div class=\"elementor-element elementor-element-739f697 elementor-widget elementor-widget-wd_image_or_svg\" data-id=\"739f697\" data-element_type=\"widget\" data-widget_type=\"wd_image_or_svg.default\">\n\t\t\t\t<div class=\"elementor-widget-container\">\n\t\t\t\n\t\t<div class=\"wd-image text-left\">\n\t\t\t\t\t\t\t<a  href=\"https:\/\/cdn.larius.com\/wp-content\/uploads\/Air-controlled-airless-pumps-Samoa.pdf\">\n\t\t\t\t\t\t\t\t<img loading=\"lazy\" decoding=\"async\" width=\"380\" height=\"530\" src=\"https:\/\/test.tirwash.lt\/wp-content\/uploads\/2024\/07\/air-controlled-airless-pumps.jpg\" class=\"attachment-full size-full wp-image-16759\" alt=\"\" srcset=\"https:\/\/test.tirwash.lt\/wp-content\/uploads\/2024\/07\/air-controlled-airless-pumps.jpg 380w, https:\/\/test.tirwash.lt\/wp-content\/uploads\/2024\/07\/air-controlled-airless-pumps-215x300.jpg 215w, https:\/\/test.tirwash.lt\/wp-content\/uploads\/2024\/07\/air-controlled-airless-pumps-9x12.jpg 9w, https:\/\/test.tirwash.lt\/wp-content\/uploads\/2024\/07\/air-controlled-airless-pumps-150x209.jpg 150w\" sizes=\"(max-width: 380px) 100vw, 380px\" \/>\t\t\t\t\t\t\t<\/a>\n\t\t\t\t\t<\/div>\n\n\t\t\t\t<\/div>\n\t\t\t\t<\/div>\n\t\t\t\t\t<\/div>\n\t\t\t\t<\/div>\n\t\t<div class=\"elementor-element elementor-element-b2ce96c e-flex e-con-boxed wd-section-disabled e-con e-parent\" data-id=\"b2ce96c\" data-element_type=\"container\">\n\t\t\t\t\t<div class=\"e-con-inner\">\n\t\t\t\t<div class=\"elementor-element elementor-element-f20df61 elementor-widget elementor-widget-wd_text_block\" data-id=\"f20df61\" data-element_type=\"widget\" data-widget_type=\"wd_text_block.default\">\n\t\t\t\t<div class=\"elementor-widget-container\">\n\t\t\t\t\t<div class=\"wd-text-block reset-last-child text-left color-primary\">\n\t\t\t\n\t\t\t<p>Auk\u0161to sl\u0117gio plovimas<\/p>\n\t\t\t\t\t<\/div>\n\t\t\t\t<\/div>\n\t\t\t\t<\/div>\n\t\t\t\t\t<\/div>\n\t\t\t\t<\/div>\n\t\t<div class=\"elementor-element elementor-element-42b66b4 e-grid e-con-boxed wd-section-disabled e-con e-parent\" data-id=\"42b66b4\" data-element_type=\"container\">\n\t\t\t\t\t<div class=\"e-con-inner\">\n\t\t\t\t<div class=\"elementor-element elementor-element-28ca492 elementor-widget elementor-widget-wd_image_or_svg\" data-id=\"28ca492\" data-element_type=\"widget\" data-widget_type=\"wd_image_or_svg.default\">\n\t\t\t\t<div class=\"elementor-widget-container\">\n\t\t\t\n\t\t<div class=\"wd-image text-left\">\n\t\t\t\t\t\t\t<a  href=\"https:\/\/cdn.larius.com\/wp-content\/uploads\/pneumatic-wash-pumps-catalogue.pdf\">\n\t\t\t\t\t\t\t\t<img loading=\"lazy\" decoding=\"async\" width=\"380\" height=\"530\" src=\"https:\/\/test.tirwash.lt\/wp-content\/uploads\/2024\/07\/pneumatic-wash-pumps-catalogue.webp\" class=\"attachment-full size-full wp-image-16765\" alt=\"\" srcset=\"https:\/\/test.tirwash.lt\/wp-content\/uploads\/2024\/07\/pneumatic-wash-pumps-catalogue.webp 380w, https:\/\/test.tirwash.lt\/wp-content\/uploads\/2024\/07\/pneumatic-wash-pumps-catalogue-215x300.webp 215w, https:\/\/test.tirwash.lt\/wp-content\/uploads\/2024\/07\/pneumatic-wash-pumps-catalogue-9x12.webp 9w, https:\/\/test.tirwash.lt\/wp-content\/uploads\/2024\/07\/pneumatic-wash-pumps-catalogue-150x209.webp 150w\" sizes=\"(max-width: 380px) 100vw, 380px\" \/>\t\t\t\t\t\t\t<\/a>\n\t\t\t\t\t<\/div>\n\n\t\t\t\t<\/div>\n\t\t\t\t<\/div>\n\t\t\t\t\t<\/div>\n\t\t\t\t<\/div>\n\t\t<div class=\"elementor-element elementor-element-2ab88fc e-flex e-con-boxed wd-section-disabled e-con e-parent\" data-id=\"2ab88fc\" data-element_type=\"container\">\n\t\t\t\t\t<div class=\"e-con-inner\">\n\t\t\t\t<div class=\"elementor-element elementor-element-2f2b770 elementor-widget elementor-widget-wd_text_block\" data-id=\"2f2b770\" data-element_type=\"widget\" data-widget_type=\"wd_text_block.default\">\n\t\t\t\t<div class=\"elementor-widget-container\">\n\t\t\t\t\t<div class=\"wd-text-block reset-last-child text-left color-primary\">\n\t\t\t\n\t\t\t<p>Statybai<\/p>\n\t\t\t\t\t<\/div>\n\t\t\t\t<\/div>\n\t\t\t\t<\/div>\n\t\t\t\t\t<\/div>\n\t\t\t\t<\/div>\n\t\t<div class=\"elementor-element elementor-element-cc6373e e-grid e-con-boxed wd-section-disabled e-con e-parent\" data-id=\"cc6373e\" data-element_type=\"container\">\n\t\t\t\t\t<div class=\"e-con-inner\">\n\t\t\t\t<div class=\"elementor-element elementor-element-3f37e6a elementor-widget elementor-widget-wd_image_or_svg\" data-id=\"3f37e6a\" data-element_type=\"widget\" data-widget_type=\"wd_image_or_svg.default\">\n\t\t\t\t<div class=\"elementor-widget-container\">\n\t\t\t\n\t\t<div class=\"wd-image text-left\">\n\t\t\t\t\t\t\t<a  href=\"https:\/\/cdn.larius.com\/wp-content\/uploads\/injection-pumps-Samoa.pdf\">\n\t\t\t\t\t\t\t\t<img loading=\"lazy\" decoding=\"async\" width=\"380\" height=\"530\" src=\"https:\/\/test.tirwash.lt\/wp-content\/uploads\/2024\/07\/injection-pumps-cover.jpg\" class=\"attachment-full size-full wp-image-16769\" alt=\"\" srcset=\"https:\/\/test.tirwash.lt\/wp-content\/uploads\/2024\/07\/injection-pumps-cover.jpg 380w, https:\/\/test.tirwash.lt\/wp-content\/uploads\/2024\/07\/injection-pumps-cover-215x300.jpg 215w, https:\/\/test.tirwash.lt\/wp-content\/uploads\/2024\/07\/injection-pumps-cover-9x12.jpg 9w, https:\/\/test.tirwash.lt\/wp-content\/uploads\/2024\/07\/injection-pumps-cover-150x209.jpg 150w\" sizes=\"(max-width: 380px) 100vw, 380px\" \/>\t\t\t\t\t\t\t<\/a>\n\t\t\t\t\t<\/div>\n\n\t\t\t\t<\/div>\n\t\t\t\t<\/div>\n\t\t\t\t<div class=\"elementor-element elementor-element-ec32ed9 elementor-widget elementor-widget-wd_image_or_svg\" data-id=\"ec32ed9\" data-element_type=\"widget\" data-widget_type=\"wd_image_or_svg.default\">\n\t\t\t\t<div class=\"elementor-widget-container\">\n\t\t\t\n\t\t<div class=\"wd-image text-left\">\n\t\t\t\t\t\t\t<a  href=\"https:\/\/cdn.larius.com\/wp-content\/uploads\/airless-electric-diaphragm-pumps-en-1.pdf\">\n\t\t\t\t\t\t\t\t<img loading=\"lazy\" decoding=\"async\" width=\"380\" height=\"530\" src=\"https:\/\/test.tirwash.lt\/wp-content\/uploads\/2024\/07\/airless.electric-diaphgrm-pumps-en.jpg\" class=\"attachment-full size-full wp-image-16768\" alt=\"\" srcset=\"https:\/\/test.tirwash.lt\/wp-content\/uploads\/2024\/07\/airless.electric-diaphgrm-pumps-en.jpg 380w, https:\/\/test.tirwash.lt\/wp-content\/uploads\/2024\/07\/airless.electric-diaphgrm-pumps-en-215x300.jpg 215w, https:\/\/test.tirwash.lt\/wp-content\/uploads\/2024\/07\/airless.electric-diaphgrm-pumps-en-9x12.jpg 9w, https:\/\/test.tirwash.lt\/wp-content\/uploads\/2024\/07\/airless.electric-diaphgrm-pumps-en-150x209.jpg 150w\" sizes=\"(max-width: 380px) 100vw, 380px\" \/>\t\t\t\t\t\t\t<\/a>\n\t\t\t\t\t<\/div>\n\n\t\t\t\t<\/div>\n\t\t\t\t<\/div>\n\t\t\t\t<div class=\"elementor-element elementor-element-0b0045d elementor-widget elementor-widget-wd_image_or_svg\" data-id=\"0b0045d\" data-element_type=\"widget\" data-widget_type=\"wd_image_or_svg.default\">\n\t\t\t\t<div class=\"elementor-widget-container\">\n\t\t\t\n\t\t<div class=\"wd-image text-left\">\n\t\t\t\t\t\t\t<a  href=\"https:\/\/cdn.larius.com\/wp-content\/uploads\/samoa-larius-airless-electric-piston-pumps.pdf\">\n\t\t\t\t\t\t\t\t<img loading=\"lazy\" decoding=\"async\" width=\"380\" height=\"530\" src=\"https:\/\/test.tirwash.lt\/wp-content\/uploads\/2024\/07\/cover-airless-electric-piston-pumps.jpg\" class=\"attachment-full size-full wp-image-16767\" alt=\"\" srcset=\"https:\/\/test.tirwash.lt\/wp-content\/uploads\/2024\/07\/cover-airless-electric-piston-pumps.jpg 380w, https:\/\/test.tirwash.lt\/wp-content\/uploads\/2024\/07\/cover-airless-electric-piston-pumps-215x300.jpg 215w, https:\/\/test.tirwash.lt\/wp-content\/uploads\/2024\/07\/cover-airless-electric-piston-pumps-9x12.jpg 9w, https:\/\/test.tirwash.lt\/wp-content\/uploads\/2024\/07\/cover-airless-electric-piston-pumps-150x209.jpg 150w\" sizes=\"(max-width: 380px) 100vw, 380px\" \/>\t\t\t\t\t\t\t<\/a>\n\t\t\t\t\t<\/div>\n\n\t\t\t\t<\/div>\n\t\t\t\t<\/div>\n\t\t\t\t<div class=\"elementor-element elementor-element-cc3108e elementor-widget elementor-widget-wd_image_or_svg\" data-id=\"cc3108e\" data-element_type=\"widget\" data-widget_type=\"wd_image_or_svg.default\">\n\t\t\t\t<div class=\"elementor-widget-container\">\n\t\t\t\n\t\t<div class=\"wd-image text-left\">\n\t\t\t\t\t\t\t<a  href=\"https:\/\/cdn.larius.com\/wp-content\/uploads\/texture-products-pump-catalogue.pdf\">\n\t\t\t\t\t\t\t\t<img loading=\"lazy\" decoding=\"async\" width=\"380\" height=\"530\" src=\"https:\/\/test.tirwash.lt\/wp-content\/uploads\/2024\/07\/texture-products-pump-catalogue.webp\" class=\"attachment-full size-full wp-image-16766\" alt=\"\" srcset=\"https:\/\/test.tirwash.lt\/wp-content\/uploads\/2024\/07\/texture-products-pump-catalogue.webp 380w, https:\/\/test.tirwash.lt\/wp-content\/uploads\/2024\/07\/texture-products-pump-catalogue-215x300.webp 215w, https:\/\/test.tirwash.lt\/wp-content\/uploads\/2024\/07\/texture-products-pump-catalogue-9x12.webp 9w, https:\/\/test.tirwash.lt\/wp-content\/uploads\/2024\/07\/texture-products-pump-catalogue-150x209.webp 150w\" sizes=\"(max-width: 380px) 100vw, 380px\" \/>\t\t\t\t\t\t\t<\/a>\n\t\t\t\t\t<\/div>\n\n\t\t\t\t<\/div>\n\t\t\t\t<\/div>\n\t\t\t\t\t<\/div>\n\t\t\t\t<\/div>\n\t\t<div class=\"elementor-element elementor-element-15c56bf e-flex e-con-boxed wd-section-disabled e-con e-parent\" data-id=\"15c56bf\" data-element_type=\"container\">\n\t\t\t\t\t<div class=\"e-con-inner\">\n\t\t\t\t<div class=\"elementor-element elementor-element-ec14f4b elementor-widget elementor-widget-wd_text_block\" data-id=\"ec14f4b\" data-element_type=\"widget\" data-widget_type=\"wd_text_block.default\">\n\t\t\t\t<div class=\"elementor-widget-container\">\n\t\t\t\t\t<div class=\"wd-text-block reset-last-child text-left color-primary\">\n\t\t\t\n\t\t\t<p>Keli\u0173 \u017eym\u0117jimui<\/p>\n\t\t\t\t\t<\/div>\n\t\t\t\t<\/div>\n\t\t\t\t<\/div>\n\t\t\t\t\t<\/div>\n\t\t\t\t<\/div>\n\t\t<div class=\"elementor-element elementor-element-4fcea33 e-grid e-con-boxed wd-section-disabled e-con e-parent\" data-id=\"4fcea33\" data-element_type=\"container\">\n\t\t\t\t\t<div class=\"e-con-inner\">\n\t\t\t\t<div class=\"elementor-element elementor-element-151485e elementor-widget elementor-widget-wd_image_or_svg\" data-id=\"151485e\" data-element_type=\"widget\" data-widget_type=\"wd_image_or_svg.default\">\n\t\t\t\t<div class=\"elementor-widget-container\">\n\t\t\t\n\t\t<div class=\"wd-image text-left\">\n\t\t\t\t\t\t\t<a  href=\"https:\/\/cdn.larius.com\/wp-content\/uploads\/airless-road-marching-machines-samoa-catalogue-2.pdf\">\n\t\t\t\t\t\t\t\t<img loading=\"lazy\" decoding=\"async\" width=\"380\" height=\"530\" src=\"https:\/\/test.tirwash.lt\/wp-content\/uploads\/2024\/07\/airless-road-marking-machines-samoa-1.jpg\" class=\"attachment-full size-full wp-image-16774\" alt=\"\" srcset=\"https:\/\/test.tirwash.lt\/wp-content\/uploads\/2024\/07\/airless-road-marking-machines-samoa-1.jpg 380w, https:\/\/test.tirwash.lt\/wp-content\/uploads\/2024\/07\/airless-road-marking-machines-samoa-1-215x300.jpg 215w, https:\/\/test.tirwash.lt\/wp-content\/uploads\/2024\/07\/airless-road-marking-machines-samoa-1-9x12.jpg 9w, https:\/\/test.tirwash.lt\/wp-content\/uploads\/2024\/07\/airless-road-marking-machines-samoa-1-150x209.jpg 150w\" sizes=\"(max-width: 380px) 100vw, 380px\" \/>\t\t\t\t\t\t\t<\/a>\n\t\t\t\t\t<\/div>\n\n\t\t\t\t<\/div>\n\t\t\t\t<\/div>\n\t\t\t\t\t<\/div>\n\t\t\t\t<\/div>\n\t\t<div class=\"elementor-element elementor-element-9f2f55a e-flex e-con-boxed wd-section-disabled e-con e-parent\" data-id=\"9f2f55a\" data-element_type=\"container\">\n\t\t\t\t\t<div class=\"e-con-inner\">\n\t\t\t\t<div class=\"elementor-element elementor-element-d4b76f1 elementor-widget elementor-widget-wd_text_block\" data-id=\"d4b76f1\" data-element_type=\"widget\" data-widget_type=\"wd_text_block.default\">\n\t\t\t\t<div class=\"elementor-widget-container\">\n\t\t\t\t\t<div class=\"wd-text-block reset-last-child text-left color-primary\">\n\t\t\t\n\t\t\t<p>Priedai<\/p>\n\t\t\t\t\t<\/div>\n\t\t\t\t<\/div>\n\t\t\t\t<\/div>\n\t\t\t\t\t<\/div>\n\t\t\t\t<\/div>\n\t\t<div class=\"elementor-element elementor-element-dbb44f1 e-grid e-con-boxed wd-section-disabled e-con e-parent\" data-id=\"dbb44f1\" data-element_type=\"container\">\n\t\t\t\t\t<div class=\"e-con-inner\">\n\t\t\t\t<div class=\"elementor-element elementor-element-029457a elementor-widget elementor-widget-wd_image_or_svg\" data-id=\"029457a\" data-element_type=\"widget\" data-widget_type=\"wd_image_or_svg.default\">\n\t\t\t\t<div class=\"elementor-widget-container\">\n\t\t\t\n\t\t<div class=\"wd-image text-left\">\n\t\t\t\t\t\t\t<a  href=\"https:\/\/cdn.larius.com\/wp-content\/uploads\/Professional-painting-accessories-catalog-Samoa-protect.pdf\">\n\t\t\t\t\t\t\t\t<img loading=\"lazy\" decoding=\"async\" width=\"380\" height=\"530\" src=\"https:\/\/test.tirwash.lt\/wp-content\/uploads\/2024\/07\/Professional-painting-accessories.webp\" class=\"attachment-full size-full wp-image-16776\" alt=\"\" srcset=\"https:\/\/test.tirwash.lt\/wp-content\/uploads\/2024\/07\/Professional-painting-accessories.webp 380w, https:\/\/test.tirwash.lt\/wp-content\/uploads\/2024\/07\/Professional-painting-accessories-215x300.webp 215w, https:\/\/test.tirwash.lt\/wp-content\/uploads\/2024\/07\/Professional-painting-accessories-9x12.webp 9w, https:\/\/test.tirwash.lt\/wp-content\/uploads\/2024\/07\/Professional-painting-accessories-150x209.webp 150w\" sizes=\"(max-width: 380px) 100vw, 380px\" \/>\t\t\t\t\t\t\t<\/a>\n\t\t\t\t\t<\/div>\n\n\t\t\t\t<\/div>\n\t\t\t\t<\/div>\n\t\t\t\t<div class=\"elementor-element elementor-element-d22d861 elementor-widget elementor-widget-wd_image_or_svg\" data-id=\"d22d861\" data-element_type=\"widget\" data-widget_type=\"wd_image_or_svg.default\">\n\t\t\t\t<div class=\"elementor-widget-container\">\n\t\t\t\n\t\t<div class=\"wd-image text-left\">\n\t\t\t\t\t\t\t<a  href=\"https:\/\/cdn.larius.com\/wp-content\/uploads\/Samoa-larius-extrusion-accessories.pdf\">\n\t\t\t\t\t\t\t\t<img loading=\"lazy\" decoding=\"async\" width=\"380\" height=\"530\" src=\"https:\/\/test.tirwash.lt\/wp-content\/uploads\/2024\/07\/cover-extrusion-accessories.jpg\" class=\"attachment-full size-full wp-image-16775\" alt=\"\" srcset=\"https:\/\/test.tirwash.lt\/wp-content\/uploads\/2024\/07\/cover-extrusion-accessories.jpg 380w, https:\/\/test.tirwash.lt\/wp-content\/uploads\/2024\/07\/cover-extrusion-accessories-215x300.jpg 215w, https:\/\/test.tirwash.lt\/wp-content\/uploads\/2024\/07\/cover-extrusion-accessories-9x12.jpg 9w, https:\/\/test.tirwash.lt\/wp-content\/uploads\/2024\/07\/cover-extrusion-accessories-150x209.jpg 150w\" sizes=\"(max-width: 380px) 100vw, 380px\" \/>\t\t\t\t\t\t\t<\/a>\n\t\t\t\t\t<\/div>\n\n\t\t\t\t<\/div>\n\t\t\t\t<\/div>\n\t\t\t\t\t<\/div>\n\t\t\t\t<\/div>\n\t\t\t\t<\/div>","protected":false},"excerpt":{"rendered":"<p>PRAMONEI Auk\u0161to sl\u0117gio plovimas Statybai Keli\u0173 \u017eym\u0117jimui Priedai<\/p>","protected":false},"author":1,"featured_media":0,"parent":0,"menu_order":0,"comment_status":"closed","ping_status":"closed","template":"","meta":{"footnotes":""},"class_list":["post-16756","page","type-page","status-publish","hentry"],"_links":{"self":[{"href":"https:\/\/test.tirwash.lt\/en\/wp-json\/wp\/v2\/pages\/16756"}],"collection":[{"href":"https:\/\/test.tirwash.lt\/en\/wp-json\/wp\/v2\/pages"}],"about":[{"href":"https:\/\/test.tirwash.lt\/en\/wp-json\/wp\/v2\/types\/page"}],"author":[{"embeddable":true,"href":"https:\/\/test.tirwash.lt\/en\/wp-json\/wp\/v2\/users\/1"}],"replies":[{"embeddable":true,"href":"https:\/\/test.tirwash.lt\/en\/wp-json\/wp\/v2\/comments?post=16756"}],"version-history":[{"count":7,"href":"https:\/\/test.tirwash.lt\/en\/wp-json\/wp\/v2\/pages\/16756\/revisions"}],"predecessor-version":[{"id":16779,"href":"https:\/\/test.tirwash.lt\/en\/wp-json\/wp\/v2\/pages\/16756\/revisions\/16779"}],"wp:attachment":[{"href":"https:\/\/test.tirwash.lt\/en\/wp-json\/wp\/v2\/media?parent=16756"}],"curies":[{"name":"wp","href":"https:\/\/api.w.org\/{rel}","templated":true}]}}