{"id":16822,"date":"2024-08-01T07:59:37","date_gmt":"2024-08-01T07:59:37","guid":{"rendered":"https:\/\/test.tirwash.lt\/?page_id=16822"},"modified":"2024-08-01T08:06:20","modified_gmt":"2024-08-01T08:06:20","slug":"poliuretano-putos","status":"publish","type":"page","link":"https:\/\/test.tirwash.lt\/en\/poliuretano-putos\/","title":{"rendered":"Poliuretano putos"},"content":{"rendered":"<div data-elementor-type=\"wp-page\" data-elementor-id=\"16822\" class=\"elementor elementor-16822\" data-elementor-post-type=\"page\">\n\t\t\t\t<div class=\"elementor-element elementor-element-10929db e-flex e-con-boxed wd-section-disabled e-con e-parent\" data-id=\"10929db\" data-element_type=\"container\">\n\t\t\t\t\t<div class=\"e-con-inner\">\n\t\t\t\t<div class=\"elementor-element elementor-element-8f3d71e elementor-widget elementor-widget-wd_text_block\" data-id=\"8f3d71e\" data-element_type=\"widget\" data-widget_type=\"wd_text_block.default\">\n\t\t\t\t<div class=\"elementor-widget-container\">\n\t\t\t\t\t<div class=\"wd-text-block reset-last-child text-center color-primary\">\n\t\t\t\n\t\t\t<p>U\u017dDAR\u0172 POR\u0172 SISTEMOS<\/p>\n\t\t\t\t\t<\/div>\n\t\t\t\t<\/div>\n\t\t\t\t<\/div>\n\t\t\t\t\t<\/div>\n\t\t\t\t<\/div>\n\t\t<div class=\"elementor-element elementor-element-14ea3ed e-flex e-con-boxed wd-section-disabled e-con e-parent\" data-id=\"14ea3ed\" data-element_type=\"container\">\n\t\t\t\t\t<div class=\"e-con-inner\">\n\t\t<div class=\"elementor-element elementor-element-eb5a55d e-con-full e-flex wd-section-disabled e-con e-child\" data-id=\"eb5a55d\" data-element_type=\"container\">\n\t\t\t\t<div class=\"elementor-element elementor-element-924841f elementor-widget elementor-widget-wd_text_block\" data-id=\"924841f\" data-element_type=\"widget\" data-widget_type=\"wd_text_block.default\">\n\t\t\t\t<div class=\"elementor-widget-container\">\n\t\t\t\t\t<div class=\"wd-text-block reset-last-child text-center color-primary\">\n\t\t\t\n\t\t\t<p>Ekoprodur S0330<span style=\"font-size: 24px; color: var(--wd-primary-color); background-color: var(--wd-main-bgcolor);\"><\/span><\/p>\n\t\t\t\t\t<\/div>\n\t\t\t\t<\/div>\n\t\t\t\t<\/div>\n\t\t\t\t<div class=\"elementor-element elementor-element-d463315 elementor-widget elementor-widget-wd_image_or_svg\" data-id=\"d463315\" data-element_type=\"widget\" data-widget_type=\"wd_image_or_svg.default\">\n\t\t\t\t<div class=\"elementor-widget-container\">\n\t\t\t\n\t\t<div class=\"wd-image text-left\">\n\t\t\t\t\t\t\t<a  href=\"https:\/\/test.tirwash.lt\/en\/ekoprodur-s0330\/\">\n\t\t\t\t\t\t\t\t<img fetchpriority=\"high\" decoding=\"async\" width=\"840\" height=\"567\" src=\"https:\/\/test.tirwash.lt\/wp-content\/uploads\/2024\/07\/PCC_Domek_01_Podd_Scia_Strop-1.png\" class=\"attachment-full size-full wp-image-16056\" alt=\"\" srcset=\"https:\/\/test.tirwash.lt\/wp-content\/uploads\/2024\/07\/PCC_Domek_01_Podd_Scia_Strop-1.png 840w, https:\/\/test.tirwash.lt\/wp-content\/uploads\/2024\/07\/PCC_Domek_01_Podd_Scia_Strop-1-400x270.png 400w, https:\/\/test.tirwash.lt\/wp-content\/uploads\/2024\/07\/PCC_Domek_01_Podd_Scia_Strop-1-768x518.png 768w, https:\/\/test.tirwash.lt\/wp-content\/uploads\/2024\/07\/PCC_Domek_01_Podd_Scia_Strop-1-18x12.png 18w, https:\/\/test.tirwash.lt\/wp-content\/uploads\/2024\/07\/PCC_Domek_01_Podd_Scia_Strop-1-430x290.png 430w, https:\/\/test.tirwash.lt\/wp-content\/uploads\/2024\/07\/PCC_Domek_01_Podd_Scia_Strop-1-700x473.png 700w, https:\/\/test.tirwash.lt\/wp-content\/uploads\/2024\/07\/PCC_Domek_01_Podd_Scia_Strop-1-150x101.png 150w\" sizes=\"(max-width: 840px) 100vw, 840px\" \/>\t\t\t\t\t\t\t<\/a>\n\t\t\t\t\t<\/div>\n\n\t\t\t\t<\/div>\n\t\t\t\t<\/div>\n\t\t\t\t<\/div>\n\t\t<div class=\"elementor-element elementor-element-7d24b3a e-con-full e-flex wd-section-disabled e-con e-child\" data-id=\"7d24b3a\" data-element_type=\"container\">\n\t\t\t\t<div class=\"elementor-element elementor-element-8015717 elementor-widget elementor-widget-wd_text_block\" data-id=\"8015717\" data-element_type=\"widget\" data-widget_type=\"wd_text_block.default\">\n\t\t\t\t<div class=\"elementor-widget-container\">\n\t\t\t\t\t<div class=\"wd-text-block reset-last-child text-center color-primary\">\n\t\t\t\n\t\t\t<p>Ekoprodur s0331FL<\/p>\n\t\t\t\t\t<\/div>\n\t\t\t\t<\/div>\n\t\t\t\t<\/div>\n\t\t\t\t<div class=\"elementor-element elementor-element-3ebfab8 elementor-widget elementor-widget-wd_image_or_svg\" data-id=\"3ebfab8\" data-element_type=\"widget\" data-widget_type=\"wd_image_or_svg.default\">\n\t\t\t\t<div class=\"elementor-widget-container\">\n\t\t\t\n\t\t<div class=\"wd-image text-left\">\n\t\t\t\t\t\t\t<a  href=\"https:\/\/test.tirwash.lt\/en\/ekoprodur-s0331fl\/\">\n\t\t\t\t\t\t\t\t<img fetchpriority=\"high\" decoding=\"async\" width=\"840\" height=\"567\" src=\"https:\/\/test.tirwash.lt\/wp-content\/uploads\/2024\/07\/PCC_Domek_01_Podd_Scia_Strop-1.png\" class=\"attachment-full size-full wp-image-16056\" alt=\"\" srcset=\"https:\/\/test.tirwash.lt\/wp-content\/uploads\/2024\/07\/PCC_Domek_01_Podd_Scia_Strop-1.png 840w, https:\/\/test.tirwash.lt\/wp-content\/uploads\/2024\/07\/PCC_Domek_01_Podd_Scia_Strop-1-400x270.png 400w, https:\/\/test.tirwash.lt\/wp-content\/uploads\/2024\/07\/PCC_Domek_01_Podd_Scia_Strop-1-768x518.png 768w, https:\/\/test.tirwash.lt\/wp-content\/uploads\/2024\/07\/PCC_Domek_01_Podd_Scia_Strop-1-18x12.png 18w, https:\/\/test.tirwash.lt\/wp-content\/uploads\/2024\/07\/PCC_Domek_01_Podd_Scia_Strop-1-430x290.png 430w, https:\/\/test.tirwash.lt\/wp-content\/uploads\/2024\/07\/PCC_Domek_01_Podd_Scia_Strop-1-700x473.png 700w, https:\/\/test.tirwash.lt\/wp-content\/uploads\/2024\/07\/PCC_Domek_01_Podd_Scia_Strop-1-150x101.png 150w\" sizes=\"(max-width: 840px) 100vw, 840px\" \/>\t\t\t\t\t\t\t<\/a>\n\t\t\t\t\t<\/div>\n\n\t\t\t\t<\/div>\n\t\t\t\t<\/div>\n\t\t\t\t<\/div>\n\t\t<div class=\"elementor-element elementor-element-55db0e9 e-con-full e-flex wd-section-disabled e-con e-child\" data-id=\"55db0e9\" data-element_type=\"container\">\n\t\t\t\t<div class=\"elementor-element elementor-element-149a46c elementor-widget elementor-widget-wd_text_block\" data-id=\"149a46c\" data-element_type=\"widget\" data-widget_type=\"wd_text_block.default\">\n\t\t\t\t<div class=\"elementor-widget-container\">\n\t\t\t\t\t<div class=\"wd-text-block reset-last-child text-center color-primary\">\n\t\t\t\n\t\t\t<p>Ekoprodur S0541<\/p>\n\t\t\t\t\t<\/div>\n\t\t\t\t<\/div>\n\t\t\t\t<\/div>\n\t\t\t\t<div class=\"elementor-element elementor-element-183504b elementor-widget elementor-widget-wd_image_or_svg\" data-id=\"183504b\" data-element_type=\"widget\" data-widget_type=\"wd_image_or_svg.default\">\n\t\t\t\t<div class=\"elementor-widget-container\">\n\t\t\t\n\t\t<div class=\"wd-image text-left\">\n\t\t\t\t\t\t\t<a  href=\"https:\/\/test.tirwash.lt\/en\/ekoprodur-s0541\/\">\n\t\t\t\t\t\t\t\t<img fetchpriority=\"high\" decoding=\"async\" width=\"840\" height=\"567\" src=\"https:\/\/test.tirwash.lt\/wp-content\/uploads\/2024\/07\/PCC_Domek_01_Podd_Scia_Strop-1.png\" class=\"attachment-full size-full wp-image-16056\" alt=\"\" srcset=\"https:\/\/test.tirwash.lt\/wp-content\/uploads\/2024\/07\/PCC_Domek_01_Podd_Scia_Strop-1.png 840w, https:\/\/test.tirwash.lt\/wp-content\/uploads\/2024\/07\/PCC_Domek_01_Podd_Scia_Strop-1-400x270.png 400w, https:\/\/test.tirwash.lt\/wp-content\/uploads\/2024\/07\/PCC_Domek_01_Podd_Scia_Strop-1-768x518.png 768w, https:\/\/test.tirwash.lt\/wp-content\/uploads\/2024\/07\/PCC_Domek_01_Podd_Scia_Strop-1-18x12.png 18w, https:\/\/test.tirwash.lt\/wp-content\/uploads\/2024\/07\/PCC_Domek_01_Podd_Scia_Strop-1-430x290.png 430w, https:\/\/test.tirwash.lt\/wp-content\/uploads\/2024\/07\/PCC_Domek_01_Podd_Scia_Strop-1-700x473.png 700w, https:\/\/test.tirwash.lt\/wp-content\/uploads\/2024\/07\/PCC_Domek_01_Podd_Scia_Strop-1-150x101.png 150w\" sizes=\"(max-width: 840px) 100vw, 840px\" \/>\t\t\t\t\t\t\t<\/a>\n\t\t\t\t\t<\/div>\n\n\t\t\t\t<\/div>\n\t\t\t\t<\/div>\n\t\t\t\t<\/div>\n\t\t<div class=\"elementor-element elementor-element-38a57d4 e-con-full e-flex wd-section-disabled e-con e-child\" data-id=\"38a57d4\" data-element_type=\"container\">\n\t\t\t\t<div class=\"elementor-element elementor-element-f7a9c89 elementor-widget elementor-widget-wd_text_block\" data-id=\"f7a9c89\" data-element_type=\"widget\" data-widget_type=\"wd_text_block.default\">\n\t\t\t\t<div class=\"elementor-widget-container\">\n\t\t\t\t\t<div class=\"wd-text-block reset-last-child text-center color-primary\">\n\t\t\t\n\t\t\t<p>Ekoprodur S0542<\/p>\n\t\t\t\t\t<\/div>\n\t\t\t\t<\/div>\n\t\t\t\t<\/div>\n\t\t\t\t<div class=\"elementor-element elementor-element-c0362e1 elementor-widget elementor-widget-wd_image_or_svg\" data-id=\"c0362e1\" data-element_type=\"widget\" data-widget_type=\"wd_image_or_svg.default\">\n\t\t\t\t<div class=\"elementor-widget-container\">\n\t\t\t\n\t\t<div class=\"wd-image text-left\">\n\t\t\t\t\t\t\t<a  href=\"https:\/\/test.tirwash.lt\/en\/ekoprodur-s0542\/\">\n\t\t\t\t\t\t\t\t<img fetchpriority=\"high\" decoding=\"async\" width=\"840\" height=\"567\" src=\"https:\/\/test.tirwash.lt\/wp-content\/uploads\/2024\/07\/PCC_Domek_01_Podd_Scia_Strop-1.png\" class=\"attachment-full size-full wp-image-16056\" alt=\"\" srcset=\"https:\/\/test.tirwash.lt\/wp-content\/uploads\/2024\/07\/PCC_Domek_01_Podd_Scia_Strop-1.png 840w, https:\/\/test.tirwash.lt\/wp-content\/uploads\/2024\/07\/PCC_Domek_01_Podd_Scia_Strop-1-400x270.png 400w, https:\/\/test.tirwash.lt\/wp-content\/uploads\/2024\/07\/PCC_Domek_01_Podd_Scia_Strop-1-768x518.png 768w, https:\/\/test.tirwash.lt\/wp-content\/uploads\/2024\/07\/PCC_Domek_01_Podd_Scia_Strop-1-18x12.png 18w, https:\/\/test.tirwash.lt\/wp-content\/uploads\/2024\/07\/PCC_Domek_01_Podd_Scia_Strop-1-430x290.png 430w, https:\/\/test.tirwash.lt\/wp-content\/uploads\/2024\/07\/PCC_Domek_01_Podd_Scia_Strop-1-700x473.png 700w, https:\/\/test.tirwash.lt\/wp-content\/uploads\/2024\/07\/PCC_Domek_01_Podd_Scia_Strop-1-150x101.png 150w\" sizes=\"(max-width: 840px) 100vw, 840px\" \/>\t\t\t\t\t\t\t<\/a>\n\t\t\t\t\t<\/div>\n\n\t\t\t\t<\/div>\n\t\t\t\t<\/div>\n\t\t\t\t<\/div>\n\t\t\t\t\t<\/div>\n\t\t\t\t<\/div>\n\t\t<div class=\"elementor-element elementor-element-7f260aa e-flex e-con-boxed wd-section-disabled e-con e-parent\" data-id=\"7f260aa\" data-element_type=\"container\">\n\t\t\t\t\t<div class=\"e-con-inner\">\n\t\t\t\t<div class=\"elementor-element elementor-element-f123f0c elementor-widget elementor-widget-wd_text_block\" data-id=\"f123f0c\" data-element_type=\"widget\" data-widget_type=\"wd_text_block.default\">\n\t\t\t\t<div class=\"elementor-widget-container\">\n\t\t\t\t\t<div class=\"wd-text-block reset-last-child text-center color-primary\">\n\t\t\t\n\t\t\t<p>ATVIR\u0172 POR\u0172 SISTEMOS<\/p>\n\t\t\t\t\t<\/div>\n\t\t\t\t<\/div>\n\t\t\t\t<\/div>\n\t\t\t\t\t<\/div>\n\t\t\t\t<\/div>\n\t\t<div class=\"elementor-element elementor-element-1380dde e-flex e-con-boxed wd-section-disabled e-con e-parent\" data-id=\"1380dde\" data-element_type=\"container\">\n\t\t\t\t\t<div class=\"e-con-inner\">\n\t\t<div class=\"elementor-element elementor-element-82ae52e e-con-full e-flex wd-section-disabled e-con e-child\" data-id=\"82ae52e\" data-element_type=\"container\">\n\t\t\t\t<div class=\"elementor-element elementor-element-0cd8dd1 elementor-widget elementor-widget-wd_text_block\" data-id=\"0cd8dd1\" data-element_type=\"widget\" data-widget_type=\"wd_text_block.default\">\n\t\t\t\t<div class=\"elementor-widget-container\">\n\t\t\t\t\t<div class=\"wd-text-block reset-last-child text-center color-primary\">\n\t\t\t\n\t\t\t<p>Ekoprodur S10-HP<\/p>\n\t\t\t\t\t<\/div>\n\t\t\t\t<\/div>\n\t\t\t\t<\/div>\n\t\t\t\t<div class=\"elementor-element elementor-element-555177b elementor-widget elementor-widget-wd_image_or_svg\" data-id=\"555177b\" data-element_type=\"widget\" data-widget_type=\"wd_image_or_svg.default\">\n\t\t\t\t<div class=\"elementor-widget-container\">\n\t\t\t\n\t\t<div class=\"wd-image text-left\">\n\t\t\t\t\t\t\t<a  href=\"https:\/\/test.tirwash.lt\/en\/ekoprodur-s10-hp\/\">\n\t\t\t\t\t\t\t\t<img fetchpriority=\"high\" decoding=\"async\" width=\"840\" height=\"567\" src=\"https:\/\/test.tirwash.lt\/wp-content\/uploads\/2024\/07\/PCC_Domek_01_Podd_Scia_Strop-1.png\" class=\"attachment-full size-full wp-image-16056\" alt=\"\" srcset=\"https:\/\/test.tirwash.lt\/wp-content\/uploads\/2024\/07\/PCC_Domek_01_Podd_Scia_Strop-1.png 840w, https:\/\/test.tirwash.lt\/wp-content\/uploads\/2024\/07\/PCC_Domek_01_Podd_Scia_Strop-1-400x270.png 400w, https:\/\/test.tirwash.lt\/wp-content\/uploads\/2024\/07\/PCC_Domek_01_Podd_Scia_Strop-1-768x518.png 768w, https:\/\/test.tirwash.lt\/wp-content\/uploads\/2024\/07\/PCC_Domek_01_Podd_Scia_Strop-1-18x12.png 18w, https:\/\/test.tirwash.lt\/wp-content\/uploads\/2024\/07\/PCC_Domek_01_Podd_Scia_Strop-1-430x290.png 430w, https:\/\/test.tirwash.lt\/wp-content\/uploads\/2024\/07\/PCC_Domek_01_Podd_Scia_Strop-1-700x473.png 700w, https:\/\/test.tirwash.lt\/wp-content\/uploads\/2024\/07\/PCC_Domek_01_Podd_Scia_Strop-1-150x101.png 150w\" sizes=\"(max-width: 840px) 100vw, 840px\" \/>\t\t\t\t\t\t\t<\/a>\n\t\t\t\t\t<\/div>\n\n\t\t\t\t<\/div>\n\t\t\t\t<\/div>\n\t\t\t\t<\/div>\n\t\t\t\t\t<\/div>\n\t\t\t\t<\/div>\n\t\t\t\t<\/div>","protected":false},"excerpt":{"rendered":"<p>U\u017dDAR\u0172 POR\u0172 SISTEMOS Ekoprodur S0330 Ekoprodur s0331FL Ekoprodur S0541 Ekoprodur S0542 ATVIR\u0172 POR\u0172 SISTEMOS Ekoprodur S10-HP<\/p>","protected":false},"author":1,"featured_media":0,"parent":0,"menu_order":0,"comment_status":"closed","ping_status":"closed","template":"","meta":{"footnotes":""},"class_list":["post-16822","page","type-page","status-publish","hentry"],"_links":{"self":[{"href":"https:\/\/test.tirwash.lt\/en\/wp-json\/wp\/v2\/pages\/16822"}],"collection":[{"href":"https:\/\/test.tirwash.lt\/en\/wp-json\/wp\/v2\/pages"}],"about":[{"href":"https:\/\/test.tirwash.lt\/en\/wp-json\/wp\/v2\/types\/page"}],"author":[{"embeddable":true,"href":"https:\/\/test.tirwash.lt\/en\/wp-json\/wp\/v2\/users\/1"}],"replies":[{"embeddable":true,"href":"https:\/\/test.tirwash.lt\/en\/wp-json\/wp\/v2\/comments?post=16822"}],"version-history":[{"count":4,"href":"https:\/\/test.tirwash.lt\/en\/wp-json\/wp\/v2\/pages\/16822\/revisions"}],"predecessor-version":[{"id":16826,"href":"https:\/\/test.tirwash.lt\/en\/wp-json\/wp\/v2\/pages\/16822\/revisions\/16826"}],"wp:attachment":[{"href":"https:\/\/test.tirwash.lt\/en\/wp-json\/wp\/v2\/media?parent=16822"}],"curies":[{"name":"wp","href":"https:\/\/api.w.org\/{rel}","templated":true}]}}