{"id":18,"date":"2021-08-26T12:13:00","date_gmt":"2021-08-26T12:13:00","guid":{"rendered":"http:\/\/dummy.xtemos.com\/woodmart2\/elementor\/?page_id=18"},"modified":"2024-08-02T06:53:53","modified_gmt":"2024-08-02T06:53:53","slug":"home-base","status":"publish","type":"page","link":"https:\/\/test.tirwash.lt\/en\/","title":{"rendered":"Home Main"},"content":{"rendered":"<div data-elementor-type=\"wp-page\" data-elementor-id=\"18\" class=\"elementor elementor-18\" data-elementor-post-type=\"page\">\n\t\t\t\t<div class=\"elementor-element elementor-element-bb73431 e-flex e-con-boxed wd-section-disabled e-con e-parent\" data-id=\"bb73431\" data-element_type=\"container\">\n\t\t\t\t\t<div class=\"e-con-inner\">\n\t\t<div class=\"elementor-element elementor-element-431269e e-con-full e-flex wd-section-disabled e-con e-child\" data-id=\"431269e\" data-element_type=\"container\">\n\t\t\t\t<div class=\"elementor-element elementor-element-6e82e4f elementor-widget elementor-widget-wd_title\" data-id=\"6e82e4f\" data-element_type=\"widget\" data-widget_type=\"wd_title.default\">\n\t\t\t\t<div class=\"elementor-widget-container\">\n\t\t\t\t\t<div class=\"title-wrapper set-mb-s reset-last-child wd-title-color-default wd-title-style-default wd-title-size-default text-left\">\n\n\t\t\t\n\t\t\t<div class=\"liner-continer\">\n\t\t\t\t<h4 class=\"woodmart-title-container title wd-fontsize-l\">APIE POLITECH<\/h4> \n\t\t\t\t\t\t\t<\/div>\n\n\t\t\t\t\t<\/div>\n\t\t\t\t<\/div>\n\t\t\t\t<\/div>\n\t\t\t\t<div class=\"elementor-element elementor-element-fc380bf elementor-hidden-tablet elementor-hidden-mobile elementor-widget elementor-widget-wd_text_block\" data-id=\"fc380bf\" data-element_type=\"widget\" data-widget_type=\"wd_text_block.default\">\n\t\t\t\t<div class=\"elementor-widget-container\">\n\t\t\t\t\t<div class=\"wd-text-block reset-last-child text-left color-#8E8E8E color-scheme-custom\">\n\t\t\t\n\t\t\tTrumpai\n\t\t\t\t\t<\/div>\n\t\t\t\t<\/div>\n\t\t\t\t<\/div>\n\t\t\t\t<div class=\"elementor-element elementor-element-600fdf5 elementor-widget elementor-widget-wd_text_block\" data-id=\"600fdf5\" data-element_type=\"widget\" data-widget_type=\"wd_text_block.default\">\n\t\t\t\t<div class=\"elementor-widget-container\">\n\t\t\t\t\t<div class=\"wd-text-block reset-last-child text-left\">\n\t\t\t\n\t\t\t<p>UAB \"Politechnologijos\" u\u017esiima polimerini\u0173 technologij\u0173 platinim\u0173 Baltijos \u0161alyse ir Ukrainoje. Si\u016blome vienkomponentes ir daugiakomponentes polimerines med\u017eiagas bei \u012frang\u0105 statyb\u0173 sektoriui. Tame tarpe tai:<\/p><ul><li>Poliuretano \u0161iltinimo p\u016btos;<\/li><li>Poliurejos ir kitos elastomerin\u0117s dangos;<\/li><li>Hidroizoliacin\u0117s med\u017eiagos;<\/li><li>Polimerin\u0117s ir epoksidin\u0117s grind\u0173 dangos;<\/li><li>Betonini\u0173 ir plienini\u0173 pavir\u0161i\u0173 paruo\u0161imo \u012franga;<\/li><li>\u012eranga ir jos prie\u017ei\u016bra.<\/li><\/ul>\n\t\t\t\t\t<\/div>\n\t\t\t\t<\/div>\n\t\t\t\t<\/div>\n\t\t<div class=\"elementor-element elementor-element-338e9e5 e-con-full e-flex wd-section-disabled e-con e-child\" data-id=\"338e9e5\" data-element_type=\"container\">\n\t\t\t\t<div class=\"elementor-element elementor-element-787db93 elementor-widget__width-auto elementor-widget elementor-widget-wd_button\" data-id=\"787db93\" data-element_type=\"widget\" data-widget_type=\"wd_button.default\">\n\t\t\t\t<div class=\"elementor-widget-container\">\n\t\t\t\t\t<div class=\"wd-button-wrapper text-center\" >\n\t\t\t<a class=\"btn btn-style-default btn-style-rectangle btn-size-default btn-color-primary btn-icon-pos-right\"  href=\"#\">\n\t\t\t\t<span class=\"wd-btn-text\" data-elementor-setting-key=\"text\">\n\t\t\t\t\tPla\u010diau\t\t\t\t<\/span>\n\n\t\t\t\t\t\t\t<\/a>\n\t\t<\/div>\n\t\t\t\t<\/div>\n\t\t\t\t<\/div>\n\t\t\t\t<div class=\"elementor-element elementor-element-5ad876c elementor-widget__width-auto elementor-widget elementor-widget-wd_button\" data-id=\"5ad876c\" data-element_type=\"widget\" data-widget_type=\"wd_button.default\">\n\t\t\t\t<div class=\"elementor-widget-container\">\n\t\t\t\t\t<div class=\"wd-button-wrapper text-center\" >\n\t\t\t<a class=\"btn btn-style-bordered btn-style-rectangle btn-size-default btn-color-default btn-icon-pos-right\"  href=\"#\">\n\t\t\t\t<span class=\"wd-btn-text\" data-elementor-setting-key=\"text\">\n\t\t\t\t\tKontaktai\t\t\t\t<\/span>\n\n\t\t\t\t\t\t\t<\/a>\n\t\t<\/div>\n\t\t\t\t<\/div>\n\t\t\t\t<\/div>\n\t\t\t\t<\/div>\n\t\t\t\t<\/div>\n\t\t<div class=\"elementor-element elementor-element-6e87692 e-con-full e-flex wd-section-disabled e-con e-child\" data-id=\"6e87692\" data-element_type=\"container\">\n\t\t\t\t<div class=\"elementor-element elementor-element-74e30a4 elementor-widget elementor-widget-wd_image_or_svg\" data-id=\"74e30a4\" data-element_type=\"widget\" data-widget_type=\"wd_image_or_svg.default\">\n\t\t\t\t<div class=\"elementor-widget-container\">\n\t\t\t\n\t\t<div class=\"wd-image text-center\">\n\t\t\t\t\t\t\t\t<img fetchpriority=\"high\" decoding=\"async\" width=\"414\" height=\"292\" src=\"https:\/\/test.tirwash.lt\/wp-content\/uploads\/2024\/07\/Frame-2.png\" class=\"attachment-full size-full wp-image-16052\" alt=\"\" srcset=\"https:\/\/test.tirwash.lt\/wp-content\/uploads\/2024\/07\/Frame-2.png 414w, https:\/\/test.tirwash.lt\/wp-content\/uploads\/2024\/07\/Frame-2-400x282.png 400w, https:\/\/test.tirwash.lt\/wp-content\/uploads\/2024\/07\/Frame-2-18x12.png 18w, https:\/\/test.tirwash.lt\/wp-content\/uploads\/2024\/07\/Frame-2-150x106.png 150w\" sizes=\"(max-width: 414px) 100vw, 414px\" \/>\t\t\t\t\t<\/div>\n\n\t\t\t\t<\/div>\n\t\t\t\t<\/div>\n\t\t\t\t<\/div>\n\t\t\t\t\t<\/div>\n\t\t\t\t<\/div>\n\t\t<div class=\"elementor-element elementor-element-ff75567 e-flex e-con-boxed wd-section-disabled e-con e-parent\" data-id=\"ff75567\" data-element_type=\"container\">\n\t\t\t\t\t<div class=\"e-con-inner\">\n\t\t\t\t<div class=\"elementor-element elementor-element-3450736 elementor-widget elementor-widget-wd_title\" data-id=\"3450736\" data-element_type=\"widget\" data-widget_type=\"wd_title.default\">\n\t\t\t\t<div class=\"elementor-widget-container\">\n\t\t\t\t\t<div class=\"title-wrapper set-mb-s reset-last-child wd-title-color-default wd-title-style-default wd-title-size-medium text-center\">\n\n\t\t\t\t\t\t\t<div class=\"title-subtitle subtitle-color-default subtitle-style-default wd-fontsize-xs\">\n\t\t\t\t\tPOLITECH\t\t\t\t<\/div>\n\t\t\t\n\t\t\t<div class=\"liner-continer\">\n\t\t\t\t<h4 class=\"woodmart-title-container title wd-fontsize-xl\">PRODUKCIJA<\/h4> \n\t\t\t\t\t\t\t<\/div>\n\n\t\t\t\t\t<\/div>\n\t\t\t\t<\/div>\n\t\t\t\t<\/div>\n\t\t\t\t\t<\/div>\n\t\t\t\t<\/div>\n\t\t<div class=\"elementor-element elementor-element-4597504 e-flex e-con-boxed wd-section-disabled e-con e-parent\" data-id=\"4597504\" data-element_type=\"container\">\n\t\t\t\t\t<div class=\"e-con-inner\">\n\t\t<div class=\"elementor-element elementor-element-591ae25 e-con-full e-flex wd-section-disabled e-con e-child\" data-id=\"591ae25\" data-element_type=\"container\">\n\t\t\t\t<div class=\"elementor-element elementor-element-84c1ab0 elementor-widget elementor-widget-wd_image_or_svg\" data-id=\"84c1ab0\" data-element_type=\"widget\" data-widget_type=\"wd_image_or_svg.default\">\n\t\t\t\t<div class=\"elementor-widget-container\">\n\t\t\t\n\t\t<div class=\"wd-image text-left\">\n\t\t\t\t\t\t\t\t<img decoding=\"async\" width=\"532\" height=\"701\" src=\"https:\/\/test.tirwash.lt\/wp-content\/uploads\/2024\/07\/full_0CCJUiAF.webp\" class=\"attachment-full size-full wp-image-16053\" alt=\"\" srcset=\"https:\/\/test.tirwash.lt\/wp-content\/uploads\/2024\/07\/full_0CCJUiAF.webp 532w, https:\/\/test.tirwash.lt\/wp-content\/uploads\/2024\/07\/full_0CCJUiAF-228x300.webp 228w, https:\/\/test.tirwash.lt\/wp-content\/uploads\/2024\/07\/full_0CCJUiAF-9x12.webp 9w, https:\/\/test.tirwash.lt\/wp-content\/uploads\/2024\/07\/full_0CCJUiAF-430x567.webp 430w, https:\/\/test.tirwash.lt\/wp-content\/uploads\/2024\/07\/full_0CCJUiAF-150x198.webp 150w\" sizes=\"(max-width: 532px) 100vw, 532px\" \/>\t\t\t\t\t<\/div>\n\n\t\t\t\t<\/div>\n\t\t\t\t<\/div>\n\t\t\t\t<div class=\"elementor-element elementor-element-1097672 elementor-widget elementor-widget-wd_text_block\" data-id=\"1097672\" data-element_type=\"widget\" data-widget_type=\"wd_text_block.default\">\n\t\t\t\t<div class=\"elementor-widget-container\">\n\t\t\t\t\t<div class=\"wd-text-block reset-last-child text-center color-title\">\n\t\t\t\n\t\t\t<p>Pur\u0161kimo \u012franga, pistoletai<\/p>\n\t\t\t\t\t<\/div>\n\t\t\t\t<\/div>\n\t\t\t\t<\/div>\n\t\t\t\t<div class=\"elementor-element elementor-element-71f1578 elementor-widget elementor-widget-wd_text_block\" data-id=\"71f1578\" data-element_type=\"widget\" data-widget_type=\"wd_text_block.default\">\n\t\t\t\t<div class=\"elementor-widget-container\">\n\t\t\t\t\t<div class=\"wd-text-block reset-last-child text-center\">\n\t\t\t\n\t\t\t<p>\u012eranga, skirta dvikomponent\u0117ms polimerin\u0117ms med\u017eiagoms purk\u0161ti<\/p>\n\t\t\t\t\t<\/div>\n\t\t\t\t<\/div>\n\t\t\t\t<\/div>\n\t\t\t\t<div class=\"elementor-element elementor-element-6b32c76 elementor-widget__width-auto elementor-widget elementor-widget-wd_button\" data-id=\"6b32c76\" data-element_type=\"widget\" data-widget_type=\"wd_button.default\">\n\t\t\t\t<div class=\"elementor-widget-container\">\n\t\t\t\t\t<div class=\"wd-button-wrapper text-center\" >\n\t\t\t<a class=\"btn btn-style-default btn-style-rectangle btn-size-default btn-color-primary btn-icon-pos-right\"  href=\"https:\/\/test.tirwash.lt\/en\/purskimo-iranga\/\">\n\t\t\t\t<span class=\"wd-btn-text\" data-elementor-setting-key=\"text\">\n\t\t\t\t\tPla\u010diau\t\t\t\t<\/span>\n\n\t\t\t\t\t\t\t<\/a>\n\t\t<\/div>\n\t\t\t\t<\/div>\n\t\t\t\t<\/div>\n\t\t\t\t<\/div>\n\t\t<div class=\"elementor-element elementor-element-a87d3d7 e-con-full e-flex wd-section-disabled e-con e-child\" data-id=\"a87d3d7\" data-element_type=\"container\">\n\t\t\t\t<div class=\"elementor-element elementor-element-2f8e2a2 elementor-widget elementor-widget-wd_image_or_svg\" data-id=\"2f8e2a2\" data-element_type=\"widget\" data-widget_type=\"wd_image_or_svg.default\">\n\t\t\t\t<div class=\"elementor-widget-container\">\n\t\t\t\n\t\t<div class=\"wd-image text-left\">\n\t\t\t\t\t\t\t\t<img decoding=\"async\" width=\"553\" height=\"734\" src=\"https:\/\/test.tirwash.lt\/wp-content\/uploads\/2024\/08\/novag-ht-1-black-1.png\" class=\"attachment-full size-full wp-image-16867\" alt=\"\" srcset=\"https:\/\/test.tirwash.lt\/wp-content\/uploads\/2024\/08\/novag-ht-1-black-1.png 553w, https:\/\/test.tirwash.lt\/wp-content\/uploads\/2024\/08\/novag-ht-1-black-1-226x300.png 226w, https:\/\/test.tirwash.lt\/wp-content\/uploads\/2024\/08\/novag-ht-1-black-1-9x12.png 9w, https:\/\/test.tirwash.lt\/wp-content\/uploads\/2024\/08\/novag-ht-1-black-1-430x571.png 430w, https:\/\/test.tirwash.lt\/wp-content\/uploads\/2024\/08\/novag-ht-1-black-1-150x199.png 150w\" sizes=\"(max-width: 553px) 100vw, 553px\" \/>\t\t\t\t\t<\/div>\n\n\t\t\t\t<\/div>\n\t\t\t\t<\/div>\n\t\t\t\t<div class=\"elementor-element elementor-element-a3fdaf2 elementor-widget elementor-widget-wd_text_block\" data-id=\"a3fdaf2\" data-element_type=\"widget\" data-widget_type=\"wd_text_block.default\">\n\t\t\t\t<div class=\"elementor-widget-container\">\n\t\t\t\t\t<div class=\"wd-text-block reset-last-child text-center color-title\">\n\t\t\t\n\t\t\t<p>Atsargin\u0117s dalys<\/p>\n\t\t\t\t\t<\/div>\n\t\t\t\t<\/div>\n\t\t\t\t<\/div>\n\t\t\t\t<div class=\"elementor-element elementor-element-f53b178 elementor-widget elementor-widget-wd_text_block\" data-id=\"f53b178\" data-element_type=\"widget\" data-widget_type=\"wd_text_block.default\">\n\t\t\t\t<div class=\"elementor-widget-container\">\n\t\t\t\t\t<div class=\"wd-text-block reset-last-child text-center\">\n\t\t\t\n\t\t\t<p>Atsargin\u0117s dalys, priedai ir aksesuarai<\/p>\n\t\t\t\t\t<\/div>\n\t\t\t\t<\/div>\n\t\t\t\t<\/div>\n\t\t\t\t<div class=\"elementor-element elementor-element-b8dd521 elementor-widget__width-auto elementor-widget elementor-widget-wd_button\" data-id=\"b8dd521\" data-element_type=\"widget\" data-widget_type=\"wd_button.default\">\n\t\t\t\t<div class=\"elementor-widget-container\">\n\t\t\t\t\t<div class=\"wd-button-wrapper text-center\" >\n\t\t\t<a class=\"btn btn-style-default btn-style-rectangle btn-size-default btn-color-primary btn-icon-pos-right\"  href=\"https:\/\/test.tirwash.lt\/en\/atsargines-dalys\/\">\n\t\t\t\t<span class=\"wd-btn-text\" data-elementor-setting-key=\"text\">\n\t\t\t\t\tPla\u010diau\t\t\t\t<\/span>\n\n\t\t\t\t\t\t\t<\/a>\n\t\t<\/div>\n\t\t\t\t<\/div>\n\t\t\t\t<\/div>\n\t\t\t\t<\/div>\n\t\t<div class=\"elementor-element elementor-element-1e31b9f e-con-full e-flex wd-section-disabled e-con e-child\" data-id=\"1e31b9f\" data-element_type=\"container\">\n\t\t\t\t<div class=\"elementor-element elementor-element-d53320b elementor-widget elementor-widget-wd_image_or_svg\" data-id=\"d53320b\" data-element_type=\"widget\" data-widget_type=\"wd_image_or_svg.default\">\n\t\t\t\t<div class=\"elementor-widget-container\">\n\t\t\t\n\t\t<div class=\"wd-image text-left\">\n\t\t\t\t\t\t\t\t<img loading=\"lazy\" decoding=\"async\" width=\"553\" height=\"734\" src=\"https:\/\/test.tirwash.lt\/wp-content\/uploads\/2024\/07\/Frame-3.png\" class=\"attachment-full size-full wp-image-16057\" alt=\"\" srcset=\"https:\/\/test.tirwash.lt\/wp-content\/uploads\/2024\/07\/Frame-3.png 553w, https:\/\/test.tirwash.lt\/wp-content\/uploads\/2024\/07\/Frame-3-226x300.png 226w, https:\/\/test.tirwash.lt\/wp-content\/uploads\/2024\/07\/Frame-3-9x12.png 9w, https:\/\/test.tirwash.lt\/wp-content\/uploads\/2024\/07\/Frame-3-430x571.png 430w, https:\/\/test.tirwash.lt\/wp-content\/uploads\/2024\/07\/Frame-3-150x199.png 150w\" sizes=\"(max-width: 553px) 100vw, 553px\" \/>\t\t\t\t\t<\/div>\n\n\t\t\t\t<\/div>\n\t\t\t\t<\/div>\n\t\t\t\t<div class=\"elementor-element elementor-element-1467261 elementor-widget elementor-widget-wd_text_block\" data-id=\"1467261\" data-element_type=\"widget\" data-widget_type=\"wd_text_block.default\">\n\t\t\t\t<div class=\"elementor-widget-container\">\n\t\t\t\t\t<div class=\"wd-text-block reset-last-child text-center color-title\">\n\t\t\t\n\t\t\t<p>Poliuretano putos<\/p>\n\t\t\t\t\t<\/div>\n\t\t\t\t<\/div>\n\t\t\t\t<\/div>\n\t\t\t\t<div class=\"elementor-element elementor-element-1acc452 elementor-widget elementor-widget-wd_text_block\" data-id=\"1acc452\" data-element_type=\"widget\" data-widget_type=\"wd_text_block.default\">\n\t\t\t\t<div class=\"elementor-widget-container\">\n\t\t\t\t\t<div class=\"wd-text-block reset-last-child text-center\">\n\t\t\t\n\t\t\t<p>U\u017edar\u0173 por\u0173 ir atvir\u0173 por\u0173 putos<\/p>\n\t\t\t\t\t<\/div>\n\t\t\t\t<\/div>\n\t\t\t\t<\/div>\n\t\t\t\t<div class=\"elementor-element elementor-element-e77da67 elementor-widget__width-auto elementor-widget elementor-widget-wd_button\" data-id=\"e77da67\" data-element_type=\"widget\" data-widget_type=\"wd_button.default\">\n\t\t\t\t<div class=\"elementor-widget-container\">\n\t\t\t\t\t<div class=\"wd-button-wrapper text-center\" >\n\t\t\t<a class=\"btn btn-style-default btn-style-rectangle btn-size-default btn-color-primary btn-icon-pos-right\"  href=\"https:\/\/test.tirwash.lt\/en\/poliuretano-putos\/\">\n\t\t\t\t<span class=\"wd-btn-text\" data-elementor-setting-key=\"text\">\n\t\t\t\t\tPla\u010diau\t\t\t\t<\/span>\n\n\t\t\t\t\t\t\t<\/a>\n\t\t<\/div>\n\t\t\t\t<\/div>\n\t\t\t\t<\/div>\n\t\t\t\t<\/div>\n\t\t\t\t<div class=\"elementor-element elementor-element-9a11605 elementor-widget elementor-widget-wd_image_or_svg\" data-id=\"9a11605\" data-element_type=\"widget\" data-widget_type=\"wd_image_or_svg.default\">\n\t\t\t\t<div class=\"elementor-widget-container\">\n\t\t\t\n\t\t<div class=\"wd-image text-left\">\n\t\t\t\t\t\t\t\t\t\t\t\t\t<\/div>\n\n\t\t\t\t<\/div>\n\t\t\t\t<\/div>\n\t\t\t\t<div class=\"elementor-element elementor-element-532e5b2 elementor-widget elementor-widget-wd_image_or_svg\" data-id=\"532e5b2\" data-element_type=\"widget\" data-widget_type=\"wd_image_or_svg.default\">\n\t\t\t\t<div class=\"elementor-widget-container\">\n\t\t\t\n\t\t<div class=\"wd-image text-left\">\n\t\t\t\t\t\t\t\t\t\t\t\t\t<\/div>\n\n\t\t\t\t<\/div>\n\t\t\t\t<\/div>\n\t\t<div class=\"elementor-element elementor-element-40b625e e-con-full e-flex wd-section-disabled e-con e-child\" data-id=\"40b625e\" data-element_type=\"container\">\n\t\t\t\t<div class=\"elementor-element elementor-element-dcf3cfb elementor-widget elementor-widget-wd_image_or_svg\" data-id=\"dcf3cfb\" data-element_type=\"widget\" data-widget_type=\"wd_image_or_svg.default\">\n\t\t\t\t<div class=\"elementor-widget-container\">\n\t\t\t\n\t\t<div class=\"wd-image text-left\">\n\t\t\t\t\t\t\t\t<img loading=\"lazy\" decoding=\"async\" width=\"559\" height=\"744\" src=\"https:\/\/test.tirwash.lt\/wp-content\/uploads\/2024\/08\/Screenshot-2024-08-01-102027-1.png\" class=\"attachment-full size-full wp-image-16780\" alt=\"\" srcset=\"https:\/\/test.tirwash.lt\/wp-content\/uploads\/2024\/08\/Screenshot-2024-08-01-102027-1.png 559w, https:\/\/test.tirwash.lt\/wp-content\/uploads\/2024\/08\/Screenshot-2024-08-01-102027-1-225x300.png 225w, https:\/\/test.tirwash.lt\/wp-content\/uploads\/2024\/08\/Screenshot-2024-08-01-102027-1-9x12.png 9w, https:\/\/test.tirwash.lt\/wp-content\/uploads\/2024\/08\/Screenshot-2024-08-01-102027-1-430x572.png 430w, https:\/\/test.tirwash.lt\/wp-content\/uploads\/2024\/08\/Screenshot-2024-08-01-102027-1-150x200.png 150w\" sizes=\"(max-width: 559px) 100vw, 559px\" \/>\t\t\t\t\t<\/div>\n\n\t\t\t\t<\/div>\n\t\t\t\t<\/div>\n\t\t\t\t<div class=\"elementor-element elementor-element-54b2d79 elementor-widget elementor-widget-wd_text_block\" data-id=\"54b2d79\" data-element_type=\"widget\" data-widget_type=\"wd_text_block.default\">\n\t\t\t\t<div class=\"elementor-widget-container\">\n\t\t\t\t\t<div class=\"wd-text-block reset-last-child text-center color-title\">\n\t\t\t\n\t\t\t<p>Hidroizoliacija<\/p>\n\t\t\t\t\t<\/div>\n\t\t\t\t<\/div>\n\t\t\t\t<\/div>\n\t\t\t\t<div class=\"elementor-element elementor-element-b4ce3a7 elementor-widget elementor-widget-wd_text_block\" data-id=\"b4ce3a7\" data-element_type=\"widget\" data-widget_type=\"wd_text_block.default\">\n\t\t\t\t<div class=\"elementor-widget-container\">\n\t\t\t\t\t<div class=\"wd-text-block reset-last-child text-center\">\n\t\t\t\n\t\t\t<p>Platus hidroizoliacini\u0173 med\u017eiag\u0173 ir polimerini\u0173 grind\u0173 dang\u0173 asortimentas<\/p>\n\t\t\t\t\t<\/div>\n\t\t\t\t<\/div>\n\t\t\t\t<\/div>\n\t\t\t\t<div class=\"elementor-element elementor-element-123431e elementor-widget__width-auto elementor-widget elementor-widget-wd_button\" data-id=\"123431e\" data-element_type=\"widget\" data-widget_type=\"wd_button.default\">\n\t\t\t\t<div class=\"elementor-widget-container\">\n\t\t\t\t\t<div class=\"wd-button-wrapper text-center\" >\n\t\t\t<a class=\"btn btn-style-default btn-style-rectangle btn-size-default btn-color-primary btn-icon-pos-right\"  href=\"https:\/\/test.tirwash.lt\/en\/hidroizoliacija\/\">\n\t\t\t\t<span class=\"wd-btn-text\" data-elementor-setting-key=\"text\">\n\t\t\t\t\tPla\u010diau\t\t\t\t<\/span>\n\n\t\t\t\t\t\t\t<\/a>\n\t\t<\/div>\n\t\t\t\t<\/div>\n\t\t\t\t<\/div>\n\t\t\t\t<\/div>\n\t\t\t\t\t<\/div>\n\t\t\t\t<\/div>\n\t\t<div class=\"elementor-element elementor-element-ea16676 e-flex e-con-boxed wd-section-disabled e-con e-parent\" data-id=\"ea16676\" data-element_type=\"container\">\n\t\t\t\t\t<div class=\"e-con-inner\">\n\t\t<div class=\"elementor-element elementor-element-60a7004 e-con-full e-flex wd-section-disabled e-con e-child\" data-id=\"60a7004\" data-element_type=\"container\">\n\t\t\t\t<div class=\"elementor-element elementor-element-bae9808 elementor-widget elementor-widget-wd_image_or_svg\" data-id=\"bae9808\" data-element_type=\"widget\" data-widget_type=\"wd_image_or_svg.default\">\n\t\t\t\t<div class=\"elementor-widget-container\">\n\t\t\t\n\t\t<div class=\"wd-image text-left\">\n\t\t\t\t\t\t\t\t<img loading=\"lazy\" decoding=\"async\" width=\"559\" height=\"744\" src=\"https:\/\/test.tirwash.lt\/wp-content\/uploads\/2024\/08\/epoxy-floor-2-1.png\" class=\"attachment-full size-full wp-image-16782\" alt=\"\" srcset=\"https:\/\/test.tirwash.lt\/wp-content\/uploads\/2024\/08\/epoxy-floor-2-1.png 559w, https:\/\/test.tirwash.lt\/wp-content\/uploads\/2024\/08\/epoxy-floor-2-1-225x300.png 225w, https:\/\/test.tirwash.lt\/wp-content\/uploads\/2024\/08\/epoxy-floor-2-1-9x12.png 9w, https:\/\/test.tirwash.lt\/wp-content\/uploads\/2024\/08\/epoxy-floor-2-1-430x572.png 430w, https:\/\/test.tirwash.lt\/wp-content\/uploads\/2024\/08\/epoxy-floor-2-1-150x200.png 150w\" sizes=\"(max-width: 559px) 100vw, 559px\" \/>\t\t\t\t\t<\/div>\n\n\t\t\t\t<\/div>\n\t\t\t\t<\/div>\n\t\t\t\t<div class=\"elementor-element elementor-element-0235a9b elementor-widget elementor-widget-wd_text_block\" data-id=\"0235a9b\" data-element_type=\"widget\" data-widget_type=\"wd_text_block.default\">\n\t\t\t\t<div class=\"elementor-widget-container\">\n\t\t\t\t\t<div class=\"wd-text-block reset-last-child text-center color-title\">\n\t\t\t\n\t\t\t<p>Grind\u0173 dangos<\/p>\n\t\t\t\t\t<\/div>\n\t\t\t\t<\/div>\n\t\t\t\t<\/div>\n\t\t\t\t<div class=\"elementor-element elementor-element-ba9ece0 elementor-widget elementor-widget-wd_text_block\" data-id=\"ba9ece0\" data-element_type=\"widget\" data-widget_type=\"wd_text_block.default\">\n\t\t\t\t<div class=\"elementor-widget-container\">\n\t\t\t\t\t<div class=\"wd-text-block reset-last-child text-center\">\n\t\t\t\n\t\t\t<p>Prekiaujame RAYSTON produktais. Tai labai platus auks\u010diausios kokyb\u0117s polimerini\u0173 grind\u0173 dang\u0173 asortimentas<\/p>\n\t\t\t\t\t<\/div>\n\t\t\t\t<\/div>\n\t\t\t\t<\/div>\n\t\t\t\t<div class=\"elementor-element elementor-element-c3092ef elementor-widget__width-auto elementor-widget elementor-widget-wd_button\" data-id=\"c3092ef\" data-element_type=\"widget\" data-widget_type=\"wd_button.default\">\n\t\t\t\t<div class=\"elementor-widget-container\">\n\t\t\t\t\t<div class=\"wd-button-wrapper text-center\" >\n\t\t\t<a class=\"btn btn-style-default btn-style-rectangle btn-size-default btn-color-primary btn-icon-pos-right\"  href=\"https:\/\/test.tirwash.lt\/en\/grindu-dangos\/\">\n\t\t\t\t<span class=\"wd-btn-text\" data-elementor-setting-key=\"text\">\n\t\t\t\t\tPla\u010diau\t\t\t\t<\/span>\n\n\t\t\t\t\t\t\t<\/a>\n\t\t<\/div>\n\t\t\t\t<\/div>\n\t\t\t\t<\/div>\n\t\t\t\t<\/div>\n\t\t<div class=\"elementor-element elementor-element-5983ade e-con-full e-flex wd-section-disabled e-con e-child\" data-id=\"5983ade\" data-element_type=\"container\">\n\t\t\t\t<div class=\"elementor-element elementor-element-21923e3 elementor-widget elementor-widget-wd_image_or_svg\" data-id=\"21923e3\" data-element_type=\"widget\" data-widget_type=\"wd_image_or_svg.default\">\n\t\t\t\t<div class=\"elementor-widget-container\">\n\t\t\t\n\t\t<div class=\"wd-image text-left\">\n\t\t\t\t\t\t\t\t<img loading=\"lazy\" decoding=\"async\" width=\"559\" height=\"744\" src=\"https:\/\/test.tirwash.lt\/wp-content\/uploads\/2024\/08\/fdjftjkgfjfghj-1.png\" class=\"attachment-full size-full wp-image-16783\" alt=\"\" srcset=\"https:\/\/test.tirwash.lt\/wp-content\/uploads\/2024\/08\/fdjftjkgfjfghj-1.png 559w, https:\/\/test.tirwash.lt\/wp-content\/uploads\/2024\/08\/fdjftjkgfjfghj-1-225x300.png 225w, https:\/\/test.tirwash.lt\/wp-content\/uploads\/2024\/08\/fdjftjkgfjfghj-1-9x12.png 9w, https:\/\/test.tirwash.lt\/wp-content\/uploads\/2024\/08\/fdjftjkgfjfghj-1-430x572.png 430w, https:\/\/test.tirwash.lt\/wp-content\/uploads\/2024\/08\/fdjftjkgfjfghj-1-150x200.png 150w\" sizes=\"(max-width: 559px) 100vw, 559px\" \/>\t\t\t\t\t<\/div>\n\n\t\t\t\t<\/div>\n\t\t\t\t<\/div>\n\t\t\t\t<div class=\"elementor-element elementor-element-192b7ac elementor-widget elementor-widget-wd_text_block\" data-id=\"192b7ac\" data-element_type=\"widget\" data-widget_type=\"wd_text_block.default\">\n\t\t\t\t<div class=\"elementor-widget-container\">\n\t\t\t\t\t<div class=\"wd-text-block reset-last-child text-center color-title\">\n\t\t\t\n\t\t\t<p>Da\u017eymo \u012franga<span style=\"font-size: 24px; color: var(--wd-title-color); background-color: var(--wd-main-bgcolor);\"><\/span><\/p>\n\t\t\t\t\t<\/div>\n\t\t\t\t<\/div>\n\t\t\t\t<\/div>\n\t\t\t\t<div class=\"elementor-element elementor-element-f7a29f9 elementor-widget elementor-widget-wd_text_block\" data-id=\"f7a29f9\" data-element_type=\"widget\" data-widget_type=\"wd_text_block.default\">\n\t\t\t\t<div class=\"elementor-widget-container\">\n\t\t\t\t\t<div class=\"wd-text-block reset-last-child text-center\">\n\t\t\t\n\t\t\t<p>\u012eranga pramonei, statybai, keli\u0173 \u017eym\u0117jimui, \u012fvair\u016bs priedai<\/p>\n\t\t\t\t\t<\/div>\n\t\t\t\t<\/div>\n\t\t\t\t<\/div>\n\t\t\t\t<div class=\"elementor-element elementor-element-54eb706 elementor-widget__width-auto elementor-widget elementor-widget-wd_button\" data-id=\"54eb706\" data-element_type=\"widget\" data-widget_type=\"wd_button.default\">\n\t\t\t\t<div class=\"elementor-widget-container\">\n\t\t\t\t\t<div class=\"wd-button-wrapper text-center\" >\n\t\t\t<a class=\"btn btn-style-default btn-style-rectangle btn-size-default btn-color-primary btn-icon-pos-right\"  href=\"https:\/\/test.tirwash.lt\/en\/dazymo-iranga-siurbliai\/\">\n\t\t\t\t<span class=\"wd-btn-text\" data-elementor-setting-key=\"text\">\n\t\t\t\t\tPla\u010diau\t\t\t\t<\/span>\n\n\t\t\t\t\t\t\t<\/a>\n\t\t<\/div>\n\t\t\t\t<\/div>\n\t\t\t\t<\/div>\n\t\t\t\t<\/div>\n\t\t\t\t<div class=\"elementor-element elementor-element-82ecb9b elementor-widget elementor-widget-wd_image_or_svg\" data-id=\"82ecb9b\" data-element_type=\"widget\" data-widget_type=\"wd_image_or_svg.default\">\n\t\t\t\t<div class=\"elementor-widget-container\">\n\t\t\t\n\t\t<div class=\"wd-image text-left\">\n\t\t\t\t\t\t\t\t\t\t\t\t\t<\/div>\n\n\t\t\t\t<\/div>\n\t\t\t\t<\/div>\n\t\t\t\t<div class=\"elementor-element elementor-element-c93050c elementor-widget elementor-widget-wd_image_or_svg\" data-id=\"c93050c\" data-element_type=\"widget\" data-widget_type=\"wd_image_or_svg.default\">\n\t\t\t\t<div class=\"elementor-widget-container\">\n\t\t\t\n\t\t<div class=\"wd-image text-left\">\n\t\t\t\t\t\t\t\t\t\t\t\t\t<\/div>\n\n\t\t\t\t<\/div>\n\t\t\t\t<\/div>\n\t\t\t\t\t<\/div>\n\t\t\t\t<\/div>\n\t\t\t\t<\/div>","protected":false},"excerpt":{"rendered":"<p>APIE POLITECH Trumpai UAB &#8222;Politechnologijos&#8221; u\u017esiima polimerini\u0173 technologij\u0173 platinim\u0173 Baltijos \u0161alyse ir Ukrainoje. Si\u016blome vienkomponentes ir daugiakomponentes polimerines med\u017eiagas bei<\/p>","protected":false},"author":1,"featured_media":0,"parent":0,"menu_order":0,"comment_status":"closed","ping_status":"closed","template":"","meta":{"footnotes":""},"class_list":["post-18","page","type-page","status-publish","hentry"],"_links":{"self":[{"href":"https:\/\/test.tirwash.lt\/en\/wp-json\/wp\/v2\/pages\/18"}],"collection":[{"href":"https:\/\/test.tirwash.lt\/en\/wp-json\/wp\/v2\/pages"}],"about":[{"href":"https:\/\/test.tirwash.lt\/en\/wp-json\/wp\/v2\/types\/page"}],"author":[{"embeddable":true,"href":"https:\/\/test.tirwash.lt\/en\/wp-json\/wp\/v2\/users\/1"}],"replies":[{"embeddable":true,"href":"https:\/\/test.tirwash.lt\/en\/wp-json\/wp\/v2\/comments?post=18"}],"version-history":[{"count":28,"href":"https:\/\/test.tirwash.lt\/en\/wp-json\/wp\/v2\/pages\/18\/revisions"}],"predecessor-version":[{"id":16893,"href":"https:\/\/test.tirwash.lt\/en\/wp-json\/wp\/v2\/pages\/18\/revisions\/16893"}],"wp:attachment":[{"href":"https:\/\/test.tirwash.lt\/en\/wp-json\/wp\/v2\/media?parent=18"}],"curies":[{"name":"wp","href":"https:\/\/api.w.org\/{rel}","templated":true}]}}